{"id":1490,"date":"2023-10-30T10:07:39","date_gmt":"2023-10-30T09:07:39","guid":{"rendered":"https:\/\/ourivesdecompostela.gal\/?page_id=1490"},"modified":"2023-11-15T10:52:14","modified_gmt":"2023-11-15T09:52:14","slug":"plateria-y-azabacheria-como-artes-fundamentales-desde-el-nacimiento-de-la-ciudad","status":"publish","type":"page","link":"https:\/\/ourivesdecompostela.gal\/es\/plateria-y-azabacheria-como-artes-fundamentales-desde-el-nacimiento-de-la-ciudad\/","title":{"rendered":"Plater\u00eda y azabacher\u00eda como artes fundamentales desde el nacimiento de la ciudad"},"content":{"rendered":"[vc_row type=\u00bbfull_width_background\u00bb full_screen_row_position=\u00bbmiddle\u00bb column_margin=\u00bbdefault\u00bb column_direction=\u00bbdefault\u00bb column_direction_tablet=\u00bbdefault\u00bb column_direction_phone=\u00bbdefault\u00bb bg_image=\u00bb1049&#8243; bg_position=\u00bbcenter center\u00bb background_image_loading=\u00bbdefault\u00bb bg_repeat=\u00bbno-repeat\u00bb scene_position=\u00bbcenter\u00bb top_padding=\u00bb15%\u00bb bottom_padding=\u00bb15%\u00bb text_color=\u00bblight\u00bb text_align=\u00bbleft\u00bb row_border_radius=\u00bbnone\u00bb row_border_radius_applies=\u00bbbg\u00bb overflow=\u00bbvisible\u00bb color_overlay=\u00bb#000000&#8243; overlay_strength=\u00bb0.5&#8243; gradient_direction=\u00bbleft_to_right\u00bb shape_divider_position=\u00bbbottom\u00bb bg_image_animation=\u00bbnone\u00bb parallax_bg=\u00bbtrue\u00bb parallax_bg_speed=\u00bbfast\u00bb gradient_type=\u00bbdefault\u00bb shape_type=\u00bb\u00bb][vc_column column_padding=\u00bbno-extra-padding\u00bb column_padding_tablet=\u00bbinherit\u00bb column_padding_phone=\u00bbinherit\u00bb column_padding_position=\u00bball\u00bb column_element_direction_desktop=\u00bbdefault\u00bb column_element_spacing=\u00bbdefault\u00bb centered_text=\u00bbtrue\u00bb desktop_text_alignment=\u00bbdefault\u00bb tablet_text_alignment=\u00bbdefault\u00bb phone_text_alignment=\u00bbdefault\u00bb background_color_opacity=\u00bb1&#8243; background_hover_color_opacity=\u00bb1&#8243; column_backdrop_filter=\u00bbnone\u00bb column_shadow=\u00bbnone\u00bb column_border_radius=\u00bbnone\u00bb column_link_target=\u00bb_self\u00bb column_position=\u00bbdefault\u00bb gradient_direction=\u00bbleft_to_right\u00bb overlay_strength=\u00bb0.3&#8243; width=\u00bb1\/1&#8243; tablet_width_inherit=\u00bbdefault\u00bb animation_type=\u00bbdefault\u00bb bg_image_animation=\u00bbnone\u00bb border_type=\u00bbsimple\u00bb column_border_width=\u00bbnone\u00bb column_border_style=\u00bbsolid\u00bb][vc_row_inner column_margin=\u00bbdefault\u00bb column_direction=\u00bbdefault\u00bb column_direction_tablet=\u00bbdefault\u00bb column_direction_phone=\u00bbdefault\u00bb text_align=\u00bbleft\u00bb row_position=\u00bbdefault\u00bb row_position_tablet=\u00bbinherit\u00bb row_position_phone=\u00bbinherit\u00bb overflow=\u00bbvisible\u00bb pointer_events=\u00bball\u00bb][vc_column_inner column_padding=\u00bbno-extra-padding\u00bb column_padding_tablet=\u00bbinherit\u00bb column_padding_phone=\u00bbinherit\u00bb column_padding_position=\u00bball\u00bb column_element_direction_desktop=\u00bbdefault\u00bb column_element_spacing=\u00bbdefault\u00bb desktop_text_alignment=\u00bbdefault\u00bb tablet_text_alignment=\u00bbdefault\u00bb phone_text_alignment=\u00bbdefault\u00bb background_color_opacity=\u00bb1&#8243; background_hover_color_opacity=\u00bb1&#8243; column_backdrop_filter=\u00bbnone\u00bb column_shadow=\u00bbnone\u00bb column_border_radius=\u00bbnone\u00bb column_link_target=\u00bb_self\u00bb overflow=\u00bbvisible\u00bb gradient_direction=\u00bbleft_to_right\u00bb overlay_strength=\u00bb0.3&#8243; width=\u00bb1\/1&#8243; tablet_width_inherit=\u00bbdefault\u00bb animation_type=\u00bbdefault\u00bb enable_animation=\u00bbtrue\u00bb animation=\u00bbfade-in-from-bottom\u00bb animation_easing=\u00bbdefault\u00bb bg_image_animation=\u00bbnone\u00bb border_type=\u00bbsimple\u00bb column_border_width=\u00bbnone\u00bb column_border_style=\u00bbsolid\u00bb][split_line_heading animation_type=\u00bbline-reveal-by-space\u00bb font_style=\u00bbh1&#8243; line_reveal_by_space_text_effect=\u00bbdefault\u00bb content_alignment=\u00bbdefault\u00bb mobile_content_alignment=\u00bbinherit\u00bb link_target=\u00bb_self\u00bb text_content=\u00bbPlater\u00eda y azabacher\u00eda como artes fundamentales desde el nacimiento de la ciudad\u00bb font_size=\u00bb3vw\u00bb][\/split_line_heading][\/vc_column_inner][\/vc_row_inner][\/vc_column][\/vc_row][vc_row type=\u00bbin_container\u00bb full_screen_row_position=\u00bbmiddle\u00bb column_margin=\u00bbdefault\u00bb column_direction=\u00bbdefault\u00bb column_direction_tablet=\u00bbdefault\u00bb column_direction_phone=\u00bbdefault\u00bb scene_position=\u00bbcenter\u00bb top_padding=\u00bb5%\u00bb bottom_padding=\u00bb5%\u00bb text_color=\u00bbdark\u00bb text_align=\u00bbleft\u00bb row_border_radius=\u00bbnone\u00bb row_border_radius_applies=\u00bbbg\u00bb overflow=\u00bbvisible\u00bb overlay_strength=\u00bb0.3&#8243; gradient_direction=\u00bbleft_to_right\u00bb shape_divider_position=\u00bbbottom\u00bb bg_image_animation=\u00bbnone\u00bb gradient_type=\u00bbdefault\u00bb shape_type=\u00bb\u00bb][vc_column column_padding=\u00bbno-extra-padding\u00bb column_padding_tablet=\u00bbinherit\u00bb column_padding_phone=\u00bbinherit\u00bb column_padding_position=\u00bball\u00bb column_element_direction_desktop=\u00bbdefault\u00bb column_element_spacing=\u00bbdefault\u00bb desktop_text_alignment=\u00bbdefault\u00bb tablet_text_alignment=\u00bbdefault\u00bb phone_text_alignment=\u00bbdefault\u00bb background_color_opacity=\u00bb1&#8243; background_hover_color_opacity=\u00bb1&#8243; column_backdrop_filter=\u00bbnone\u00bb column_shadow=\u00bbnone\u00bb column_border_radius=\u00bbnone\u00bb column_link_target=\u00bb_self\u00bb column_position=\u00bbdefault\u00bb gradient_direction=\u00bbleft_to_right\u00bb overlay_strength=\u00bb0.3&#8243; width=\u00bb1\/1&#8243; tablet_width_inherit=\u00bbdefault\u00bb animation_type=\u00bbdefault\u00bb bg_image_animation=\u00bbnone\u00bb border_type=\u00bbsimple\u00bb column_border_width=\u00bbnone\u00bb column_border_style=\u00bbsolid\u00bb][vc_column_text]En los albores del siglo IX se produce la inventio de los restos del ap\u00f3stol Santiago en el bosque del Libred\u00f3n. A partir de la legitimaci\u00f3n de las reliquias por parte de Teodomiro, obispo de Iria Flavia, y el rey Alfonso II, nace el santuario que antecede a nuestra actual Catedral, en torno a la cual va germinando la ciudad de Compostela. Siendo esta F\u00e1brica el coraz\u00f3n y raz\u00f3n de ser de la urbe, esta aglutin\u00f3 a su alrededor a los principales artistas que la nutrieron de obras, entre ellos, a su gremio mimado, el de San Eloy, que como en la mayor\u00eda de las ciudades europeas, reuni\u00f3 a los plateros bajo la advocaci\u00f3n y protecci\u00f3n del obispo orfebre.<\/p>\n<h3 style=\"padding-left: 40px;\">Hermandad de Cambeadores<\/h3>\n<p style=\"padding-left: 40px;\">No podemos determinar en que\u0301 momento se agrupan los plateros de Santiago bajo un sistema gremial, pero sabemos que estuvieron ligados al que debi\u00f3 ser el primer gremio compostelano, la legendaria hermandad de cambeadores, que, como resulta l\u00f3gico en una ciudad a la que acud\u00edan miles de peregrinos de toda Europa, se encargaban de ofrecer cambio monetario. L\u00f3pez Ferreiro nos habla de un documento que contiene una concordia entre or\u00edfices y cambiadores, fechada en 1298, que demuestra las obligaciones conjuntas de ambos gremios y su estrecha vinculaci\u00f3n, encarg\u00e1ndose, entre otras cosas, de regular el precio de la plata.<\/p>\n<h3 style=\"padding-left: 40px;\">Los Concheiros<\/h3>\n<p style=\"padding-left: 40px;\">Por su parte, los azabacheros tienen su antecedente en otro legendario gremio compostelano, el de los concheiros, cuyas ra\u00edces se hunden en el fen\u00f3meno de la peregrinaci\u00f3n y la necesidad de ofrecer peque\u00f1as conchas, s\u00edmbolo del Camino a Compostela, para todos aquellos que quisiesen llevarse un recuerdo material de su viaje espiritual. Este gremio fue paulatinamente sustituido por el de los azabacheros, advocado a San Sebasti\u00e1n, quienes comenzaron a labrar estas conchas en azabache, en estrecha vinculaci\u00f3n hist\u00f3rica con los plateros.<\/p>\n<p>El gremio de los plateros compostelanos se ubic\u00f3 geogr\u00e1ficamente en torno a la propia Catedral, desde la Puerta Santa hasta la por ello llamada praza das Prateri\u0301as. Los azabacheros se agruparon en la zona norte de la Catedral, todav\u00eda hoy conocida como r\u00faa da Acibecher\u00eda. En ambas zonas a\u00fan permanecen hoy algunas de sus tiendas abiertas al p\u00fablico, en los lugares ocupados hist\u00f3ricamente por los obradores artesanales y tiendas de estos art\u00edfices.<\/p>\n<p>Plateros y azabacheros surtieron de piezas a una ciudad nacida al calor de una devoci\u00f3n y por ello cuajada de iglesias, y crearon suntuosas piezas para una Catedral que necesitaba autorreafirmarse constantemente como uno de los epicentros de la Cristiandad. Por ello demandaba obras para el culto y regalos diplom\u00e1ticos para intercambiar con importantes personalidades que la visitaban. Por ejemplo, desde la Edad Moderna, era habitual que los mandatarios eclesi\u00e1sticos y pol\u00edticos que presentaban la ofrenda a Santiago el 25 de julio recibiesen un cuadro de plata con la efigie del Ap\u00f3stol, registr\u00e1ndose el encargo de m\u00e1s de mil de obras de este tipo a lo largo de la historia. Por supuesto, tambi\u00e9n realizaron numerosas piezas para una constante corriente de peregrinos que deseaban llevarse un recuerdo de la meta espiritual de su camino, tomando gran protagonismo en estas obras el azabache; as\u00ed como obras para la clientela civil de la ciudad, especialmente relevante a partir del siglo XIX, cuando la burgues\u00eda comenz\u00f3 a embellecer sus colecciones dom\u00e9sticas con espectaculares vajillas, bandejas con escenas iconogr\u00e1ficas, o piezas de devoci\u00f3n privadas como benditeras.[\/vc_column_text][\/vc_column][\/vc_row]\n","protected":false},"excerpt":{"rendered":"<p>[vc_row type=\u00bbfull_width_background\u00bb full_screen_row_position=\u00bbmiddle\u00bb column_margin=\u00bbdefault\u00bb column_direction=\u00bbdefault\u00bb column_direction_tablet=\u00bbdefault\u00bb column_direction_phone=\u00bbdefault\u00bb bg_image=\u00bb1049&#8243; bg_position=\u00bbcenter center\u00bb background_image_loading=\u00bbdefault\u00bb bg_repeat=\u00bbno-repeat\u00bb scene_position=\u00bbcenter\u00bb top_padding=\u00bb15%\u00bb bottom_padding=\u00bb15%\u00bb text_color=\u00bblight\u00bb text_align=\u00bbleft\u00bb row_border_radius=\u00bbnone\u00bb row_border_radius_applies=\u00bbbg\u00bb overflow=\u00bbvisible\u00bb color_overlay=\u00bb#000000&#8243; overlay_strength=\u00bb0.5&#8243; gradient_direction=\u00bbleft_to_right\u00bb shape_divider_position=\u00bbbottom\u00bb bg_image_animation=\u00bbnone\u00bb parallax_bg=\u00bbtrue\u00bb parallax_bg_speed=\u00bbfast\u00bb gradient_type=\u00bbdefault\u00bb shape_type=\u00bb\u00bb][vc_column column_padding=\u00bbno-extra-padding\u00bb&#8230;<\/p>\n","protected":false},"author":2,"featured_media":0,"parent":0,"menu_order":0,"comment_status":"closed","ping_status":"closed","template":"","meta":{"footnotes":""},"class_list":["post-1490","page","type-page","status-publish"],"yoast_head":"<!-- This site is optimized with the Yoast SEO plugin v25.2 - https:\/\/yoast.com\/wordpress\/plugins\/seo\/ -->\n<title>Plater\u00eda y azabacher\u00eda como artes fundamentales desde el nacimiento de la ciudad - Ourives de Compostela<\/title>\n<meta name=\"robots\" content=\"index, follow, max-snippet:-1, max-image-preview:large, max-video-preview:-1\" \/>\n<link rel=\"canonical\" href=\"https:\/\/ourivesdecompostela.gal\/es\/plateria-y-azabacheria-como-artes-fundamentales-desde-el-nacimiento-de-la-ciudad\/\" \/>\n<meta property=\"og:locale\" content=\"es_ES\" \/>\n<meta property=\"og:type\" content=\"article\" \/>\n<meta property=\"og:title\" content=\"Plater\u00eda y azabacher\u00eda como artes fundamentales desde el nacimiento de la ciudad - Ourives de Compostela\" \/>\n<meta property=\"og:description\" content=\"[vc_row type=\u00bbfull_width_background\u00bb full_screen_row_position=\u00bbmiddle\u00bb column_margin=\u00bbdefault\u00bb column_direction=\u00bbdefault\u00bb column_direction_tablet=\u00bbdefault\u00bb column_direction_phone=\u00bbdefault\u00bb bg_image=\u00bb1049&#8243; bg_position=\u00bbcenter center\u00bb background_image_loading=\u00bbdefault\u00bb bg_repeat=\u00bbno-repeat\u00bb scene_position=\u00bbcenter\u00bb top_padding=\u00bb15%\u00bb bottom_padding=\u00bb15%\u00bb text_color=\u00bblight\u00bb text_align=\u00bbleft\u00bb row_border_radius=\u00bbnone\u00bb row_border_radius_applies=\u00bbbg\u00bb overflow=\u00bbvisible\u00bb color_overlay=\u00bb#000000&#8243; overlay_strength=\u00bb0.5&#8243; gradient_direction=\u00bbleft_to_right\u00bb shape_divider_position=\u00bbbottom\u00bb bg_image_animation=\u00bbnone\u00bb parallax_bg=\u00bbtrue\u00bb parallax_bg_speed=\u00bbfast\u00bb gradient_type=\u00bbdefault\u00bb shape_type=\u00bb\u00bb][vc_column column_padding=\u00bbno-extra-padding\u00bb...\" \/>\n<meta property=\"og:url\" content=\"https:\/\/ourivesdecompostela.gal\/es\/plateria-y-azabacheria-como-artes-fundamentales-desde-el-nacimiento-de-la-ciudad\/\" \/>\n<meta property=\"og:site_name\" content=\"Ourives de Compostela\" \/>\n<meta property=\"article:modified_time\" content=\"2023-11-15T09:52:14+00:00\" \/>\n<meta name=\"twitter:card\" content=\"summary_large_image\" \/>\n<meta name=\"twitter:label1\" content=\"Tiempo de lectura\" \/>\n\t<meta name=\"twitter:data1\" content=\"4 minutos\" \/>\n<script type=\"application\/ld+json\" class=\"yoast-schema-graph\">{\"@context\":\"https:\/\/schema.org\",\"@graph\":[{\"@type\":\"WebPage\",\"@id\":\"https:\/\/ourivesdecompostela.gal\/es\/plateria-y-azabacheria-como-artes-fundamentales-desde-el-nacimiento-de-la-ciudad\/\",\"url\":\"https:\/\/ourivesdecompostela.gal\/es\/plateria-y-azabacheria-como-artes-fundamentales-desde-el-nacimiento-de-la-ciudad\/\",\"name\":\"Plater\u00eda y azabacher\u00eda como artes fundamentales desde el nacimiento de la ciudad - Ourives de Compostela\",\"isPartOf\":{\"@id\":\"https:\/\/ourivesdecompostela.gal\/es\/#website\"},\"datePublished\":\"2023-10-30T09:07:39+00:00\",\"dateModified\":\"2023-11-15T09:52:14+00:00\",\"breadcrumb\":{\"@id\":\"https:\/\/ourivesdecompostela.gal\/es\/plateria-y-azabacheria-como-artes-fundamentales-desde-el-nacimiento-de-la-ciudad\/#breadcrumb\"},\"inLanguage\":\"es\",\"potentialAction\":[{\"@type\":\"ReadAction\",\"target\":[\"https:\/\/ourivesdecompostela.gal\/es\/plateria-y-azabacheria-como-artes-fundamentales-desde-el-nacimiento-de-la-ciudad\/\"]}]},{\"@type\":\"BreadcrumbList\",\"@id\":\"https:\/\/ourivesdecompostela.gal\/es\/plateria-y-azabacheria-como-artes-fundamentales-desde-el-nacimiento-de-la-ciudad\/#breadcrumb\",\"itemListElement\":[{\"@type\":\"ListItem\",\"position\":1,\"name\":\"Portada\",\"item\":\"https:\/\/ourivesdecompostela.gal\/es\/\"},{\"@type\":\"ListItem\",\"position\":2,\"name\":\"Plater\u00eda y azabacher\u00eda como artes fundamentales desde el nacimiento de la ciudad\"}]},{\"@type\":\"WebSite\",\"@id\":\"https:\/\/ourivesdecompostela.gal\/es\/#website\",\"url\":\"https:\/\/ourivesdecompostela.gal\/es\/\",\"name\":\"Ourives de Compostela\",\"description\":\"Aut\u00e9ntica Ouriver\u00eda Ancestral de Santiago\",\"potentialAction\":[{\"@type\":\"SearchAction\",\"target\":{\"@type\":\"EntryPoint\",\"urlTemplate\":\"https:\/\/ourivesdecompostela.gal\/es\/?s={search_term_string}\"},\"query-input\":{\"@type\":\"PropertyValueSpecification\",\"valueRequired\":true,\"valueName\":\"search_term_string\"}}],\"inLanguage\":\"es\"}]}<\/script>\n<!-- \/ Yoast SEO plugin. -->","yoast_head_json":{"title":"Plater\u00eda y azabacher\u00eda como artes fundamentales desde el nacimiento de la ciudad - Ourives de Compostela","robots":{"index":"index","follow":"follow","max-snippet":"max-snippet:-1","max-image-preview":"max-image-preview:large","max-video-preview":"max-video-preview:-1"},"canonical":"https:\/\/ourivesdecompostela.gal\/es\/plateria-y-azabacheria-como-artes-fundamentales-desde-el-nacimiento-de-la-ciudad\/","og_locale":"es_ES","og_type":"article","og_title":"Plater\u00eda y azabacher\u00eda como artes fundamentales desde el nacimiento de la ciudad - Ourives de Compostela","og_description":"[vc_row type=\u00bbfull_width_background\u00bb full_screen_row_position=\u00bbmiddle\u00bb column_margin=\u00bbdefault\u00bb column_direction=\u00bbdefault\u00bb column_direction_tablet=\u00bbdefault\u00bb column_direction_phone=\u00bbdefault\u00bb bg_image=\u00bb1049&#8243; bg_position=\u00bbcenter center\u00bb background_image_loading=\u00bbdefault\u00bb bg_repeat=\u00bbno-repeat\u00bb scene_position=\u00bbcenter\u00bb top_padding=\u00bb15%\u00bb bottom_padding=\u00bb15%\u00bb text_color=\u00bblight\u00bb text_align=\u00bbleft\u00bb row_border_radius=\u00bbnone\u00bb row_border_radius_applies=\u00bbbg\u00bb overflow=\u00bbvisible\u00bb color_overlay=\u00bb#000000&#8243; overlay_strength=\u00bb0.5&#8243; gradient_direction=\u00bbleft_to_right\u00bb shape_divider_position=\u00bbbottom\u00bb bg_image_animation=\u00bbnone\u00bb parallax_bg=\u00bbtrue\u00bb parallax_bg_speed=\u00bbfast\u00bb gradient_type=\u00bbdefault\u00bb shape_type=\u00bb\u00bb][vc_column column_padding=\u00bbno-extra-padding\u00bb...","og_url":"https:\/\/ourivesdecompostela.gal\/es\/plateria-y-azabacheria-como-artes-fundamentales-desde-el-nacimiento-de-la-ciudad\/","og_site_name":"Ourives de Compostela","article_modified_time":"2023-11-15T09:52:14+00:00","twitter_card":"summary_large_image","twitter_misc":{"Tiempo de lectura":"4 minutos"},"schema":{"@context":"https:\/\/schema.org","@graph":[{"@type":"WebPage","@id":"https:\/\/ourivesdecompostela.gal\/es\/plateria-y-azabacheria-como-artes-fundamentales-desde-el-nacimiento-de-la-ciudad\/","url":"https:\/\/ourivesdecompostela.gal\/es\/plateria-y-azabacheria-como-artes-fundamentales-desde-el-nacimiento-de-la-ciudad\/","name":"Plater\u00eda y azabacher\u00eda como artes fundamentales desde el nacimiento de la ciudad - Ourives de Compostela","isPartOf":{"@id":"https:\/\/ourivesdecompostela.gal\/es\/#website"},"datePublished":"2023-10-30T09:07:39+00:00","dateModified":"2023-11-15T09:52:14+00:00","breadcrumb":{"@id":"https:\/\/ourivesdecompostela.gal\/es\/plateria-y-azabacheria-como-artes-fundamentales-desde-el-nacimiento-de-la-ciudad\/#breadcrumb"},"inLanguage":"es","potentialAction":[{"@type":"ReadAction","target":["https:\/\/ourivesdecompostela.gal\/es\/plateria-y-azabacheria-como-artes-fundamentales-desde-el-nacimiento-de-la-ciudad\/"]}]},{"@type":"BreadcrumbList","@id":"https:\/\/ourivesdecompostela.gal\/es\/plateria-y-azabacheria-como-artes-fundamentales-desde-el-nacimiento-de-la-ciudad\/#breadcrumb","itemListElement":[{"@type":"ListItem","position":1,"name":"Portada","item":"https:\/\/ourivesdecompostela.gal\/es\/"},{"@type":"ListItem","position":2,"name":"Plater\u00eda y azabacher\u00eda como artes fundamentales desde el nacimiento de la ciudad"}]},{"@type":"WebSite","@id":"https:\/\/ourivesdecompostela.gal\/es\/#website","url":"https:\/\/ourivesdecompostela.gal\/es\/","name":"Ourives de Compostela","description":"Aut\u00e9ntica Ouriver\u00eda Ancestral de Santiago","potentialAction":[{"@type":"SearchAction","target":{"@type":"EntryPoint","urlTemplate":"https:\/\/ourivesdecompostela.gal\/es\/?s={search_term_string}"},"query-input":{"@type":"PropertyValueSpecification","valueRequired":true,"valueName":"search_term_string"}}],"inLanguage":"es"}]}},"_links":{"self":[{"href":"https:\/\/ourivesdecompostela.gal\/es\/wp-json\/wp\/v2\/pages\/1490","targetHints":{"allow":["GET"]}}],"collection":[{"href":"https:\/\/ourivesdecompostela.gal\/es\/wp-json\/wp\/v2\/pages"}],"about":[{"href":"https:\/\/ourivesdecompostela.gal\/es\/wp-json\/wp\/v2\/types\/page"}],"author":[{"embeddable":true,"href":"https:\/\/ourivesdecompostela.gal\/es\/wp-json\/wp\/v2\/users\/2"}],"replies":[{"embeddable":true,"href":"https:\/\/ourivesdecompostela.gal\/es\/wp-json\/wp\/v2\/comments?post=1490"}],"version-history":[{"count":13,"href":"https:\/\/ourivesdecompostela.gal\/es\/wp-json\/wp\/v2\/pages\/1490\/revisions"}],"predecessor-version":[{"id":1503,"href":"https:\/\/ourivesdecompostela.gal\/es\/wp-json\/wp\/v2\/pages\/1490\/revisions\/1503"}],"wp:attachment":[{"href":"https:\/\/ourivesdecompostela.gal\/es\/wp-json\/wp\/v2\/media?parent=1490"}],"curies":[{"name":"wp","href":"https:\/\/api.w.org\/{rel}","templated":true}]}}