{"id":1747,"date":"2023-10-31T11:51:27","date_gmt":"2023-10-31T10:51:27","guid":{"rendered":"https:\/\/ourivesdecompostela.gal\/?page_id=1747"},"modified":"2023-11-15T10:51:47","modified_gmt":"2023-11-15T09:51:47","slug":"evolucion-de-los-gremios-de-san-eloy-y-san-sebastian-a-lo-largo-de-la-historia-de-santiago","status":"publish","type":"page","link":"https:\/\/ourivesdecompostela.gal\/es\/evolucion-de-los-gremios-de-san-eloy-y-san-sebastian-a-lo-largo-de-la-historia-de-santiago\/","title":{"rendered":"Evoluci\u00f3n de los gremios de San Eloy y San Sebasti\u00e1n a lo largo de la historia de Santiago"},"content":{"rendered":"[vc_row type=\u00bbfull_width_background\u00bb full_screen_row_position=\u00bbmiddle\u00bb column_margin=\u00bbdefault\u00bb column_direction=\u00bbdefault\u00bb column_direction_tablet=\u00bbdefault\u00bb column_direction_phone=\u00bbdefault\u00bb bg_image=\u00bb991&#8243; bg_position=\u00bbcenter center\u00bb background_image_loading=\u00bbdefault\u00bb bg_repeat=\u00bbno-repeat\u00bb scene_position=\u00bbcenter\u00bb top_padding=\u00bb15%\u00bb bottom_padding=\u00bb15%\u00bb text_color=\u00bblight\u00bb text_align=\u00bbleft\u00bb row_border_radius=\u00bbnone\u00bb row_border_radius_applies=\u00bbbg\u00bb overflow=\u00bbvisible\u00bb color_overlay=\u00bb#000000&#8243; overlay_strength=\u00bb0.5&#8243; gradient_direction=\u00bbleft_to_right\u00bb shape_divider_position=\u00bbbottom\u00bb bg_image_animation=\u00bbnone\u00bb parallax_bg=\u00bbtrue\u00bb parallax_bg_speed=\u00bbfast\u00bb gradient_type=\u00bbdefault\u00bb shape_type=\u00bb\u00bb][vc_column column_padding=\u00bbno-extra-padding\u00bb column_padding_tablet=\u00bbinherit\u00bb column_padding_phone=\u00bbinherit\u00bb column_padding_position=\u00bball\u00bb column_element_direction_desktop=\u00bbdefault\u00bb column_element_spacing=\u00bbdefault\u00bb centered_text=\u00bbtrue\u00bb desktop_text_alignment=\u00bbdefault\u00bb tablet_text_alignment=\u00bbdefault\u00bb phone_text_alignment=\u00bbdefault\u00bb background_color_opacity=\u00bb1&#8243; background_hover_color_opacity=\u00bb1&#8243; column_backdrop_filter=\u00bbnone\u00bb column_shadow=\u00bbnone\u00bb column_border_radius=\u00bbnone\u00bb column_link_target=\u00bb_self\u00bb column_position=\u00bbdefault\u00bb gradient_direction=\u00bbleft_to_right\u00bb overlay_strength=\u00bb0.3&#8243; width=\u00bb1\/1&#8243; tablet_width_inherit=\u00bbdefault\u00bb animation_type=\u00bbdefault\u00bb bg_image_animation=\u00bbnone\u00bb border_type=\u00bbsimple\u00bb column_border_width=\u00bbnone\u00bb column_border_style=\u00bbsolid\u00bb][vc_row_inner column_margin=\u00bbdefault\u00bb column_direction=\u00bbdefault\u00bb column_direction_tablet=\u00bbdefault\u00bb column_direction_phone=\u00bbdefault\u00bb text_align=\u00bbleft\u00bb row_position=\u00bbdefault\u00bb row_position_tablet=\u00bbinherit\u00bb row_position_phone=\u00bbinherit\u00bb overflow=\u00bbvisible\u00bb pointer_events=\u00bball\u00bb][vc_column_inner column_padding=\u00bbno-extra-padding\u00bb column_padding_tablet=\u00bbinherit\u00bb column_padding_phone=\u00bbinherit\u00bb column_padding_position=\u00bball\u00bb column_element_direction_desktop=\u00bbdefault\u00bb column_element_spacing=\u00bbdefault\u00bb desktop_text_alignment=\u00bbdefault\u00bb tablet_text_alignment=\u00bbdefault\u00bb phone_text_alignment=\u00bbdefault\u00bb background_color_opacity=\u00bb1&#8243; background_hover_color_opacity=\u00bb1&#8243; column_backdrop_filter=\u00bbnone\u00bb column_shadow=\u00bbnone\u00bb column_border_radius=\u00bbnone\u00bb column_link_target=\u00bb_self\u00bb overflow=\u00bbvisible\u00bb gradient_direction=\u00bbleft_to_right\u00bb overlay_strength=\u00bb0.3&#8243; width=\u00bb1\/1&#8243; tablet_width_inherit=\u00bbdefault\u00bb animation_type=\u00bbdefault\u00bb enable_animation=\u00bbtrue\u00bb animation=\u00bbfade-in-from-bottom\u00bb animation_easing=\u00bbdefault\u00bb bg_image_animation=\u00bbnone\u00bb border_type=\u00bbsimple\u00bb column_border_width=\u00bbnone\u00bb column_border_style=\u00bbsolid\u00bb][split_line_heading animation_type=\u00bbline-reveal-by-space\u00bb font_style=\u00bbh1&#8243; line_reveal_by_space_text_effect=\u00bbdefault\u00bb content_alignment=\u00bbdefault\u00bb mobile_content_alignment=\u00bbinherit\u00bb link_target=\u00bb_self\u00bb text_content=\u00bbEvoluci\u00f3n de los gremios de San Eloy y San Sebasti\u00e1n a lo largo de la historia de Santiago\u00bb font_size=\u00bb3vw\u00bb][\/split_line_heading][\/vc_column_inner][\/vc_row_inner][\/vc_column][\/vc_row][vc_row type=\u00bbin_container\u00bb full_screen_row_position=\u00bbmiddle\u00bb column_margin=\u00bbdefault\u00bb column_direction=\u00bbdefault\u00bb column_direction_tablet=\u00bbdefault\u00bb column_direction_phone=\u00bbdefault\u00bb scene_position=\u00bbcenter\u00bb top_padding=\u00bb5%\u00bb bottom_padding=\u00bb5%\u00bb text_color=\u00bbdark\u00bb text_align=\u00bbleft\u00bb row_border_radius=\u00bbnone\u00bb row_border_radius_applies=\u00bbbg\u00bb overflow=\u00bbvisible\u00bb overlay_strength=\u00bb0.3&#8243; gradient_direction=\u00bbleft_to_right\u00bb shape_divider_position=\u00bbbottom\u00bb bg_image_animation=\u00bbnone\u00bb gradient_type=\u00bbdefault\u00bb shape_type=\u00bb\u00bb][vc_column column_padding=\u00bbno-extra-padding\u00bb column_padding_tablet=\u00bbinherit\u00bb column_padding_phone=\u00bbinherit\u00bb column_padding_position=\u00bball\u00bb column_element_direction_desktop=\u00bbdefault\u00bb column_element_spacing=\u00bbdefault\u00bb desktop_text_alignment=\u00bbdefault\u00bb tablet_text_alignment=\u00bbdefault\u00bb phone_text_alignment=\u00bbdefault\u00bb background_color_opacity=\u00bb1&#8243; background_hover_color_opacity=\u00bb1&#8243; column_backdrop_filter=\u00bbnone\u00bb column_shadow=\u00bbnone\u00bb column_border_radius=\u00bbnone\u00bb column_link_target=\u00bb_self\u00bb column_position=\u00bbdefault\u00bb gradient_direction=\u00bbleft_to_right\u00bb overlay_strength=\u00bb0.3&#8243; width=\u00bb1\/1&#8243; tablet_width_inherit=\u00bbdefault\u00bb animation_type=\u00bbdefault\u00bb bg_image_animation=\u00bbnone\u00bb border_type=\u00bbsimple\u00bb column_border_width=\u00bbnone\u00bb column_border_style=\u00bbsolid\u00bb][vc_column_text]\n<h3>Desde la Edad Media, los oficios se han agrupado en gremios o cofrad\u00edas, t\u00e9rminos empleados indistintamente.<\/h3>\n<p>Estas estructuras laborales son las que controlaron el aprendizaje y la pr\u00e1ctica de los oficios manuales hasta bien entrado el siglo XIX. Tras una primera fase medieval, en la que apenas contamos con datos, la documentaci\u00f3n sobre los gremios de San Eloy (plateros) y San Sebasti\u00e1n (azabacheros) es relativamente numerosa a partir de la Edad Moderna. Todas estas corporaciones estaban regidas por un mayordomo que velaba por su integridad y por el cumplimiento de las Ordenanzas, el documento legal por el cual se reg\u00edan estas corporaciones. Las primeras del gremio de plateros compostelanos datan de 1567, y sabemos que fueron revisadas y renovadas en varias ocasiones hasta las de 1786, que ser\u00e1n las \u00faltimas. Las primeras Ordenanzas de las que se tiene constancia en el gremio de azabacheros son todav\u00eda m\u00e1s antiguas, de 1443, aunque no se conocen otras m\u00e1s all\u00e1 de las de 1581, pudiendo deducir que el gremio de San Sebasti\u00e1n fue paulatinamente asimil\u00e1ndose al de San Eloy.<\/p>\n<h3>Las Ordenanzas determinaban las condiciones que deb\u00eda cumplir un platero o azabachero para ingresar en el gremio.<\/h3>\n<p>Estableciendo una cuota de inscripci\u00f3n \u2014por ejemplo, para los plateros en 1567 era de dos libras de cera y mil maraved\u00eds\u2014. Adem\u00e1s, los aspirantes deb\u00edan de ser vecinos de Santiago durante los \u00faltimos a\u00f1os y estar casados. Adem\u00e1s de ofrecer auxilio a sus viudas y costear los entierros de los cofrades, el gremio regulaba el trabajo, controlaba la materia prima, determinaba los precios, establec\u00eda el sistema de marcado para asegurar la calidad y autenticidad, y defin\u00eda el aprendizaje y ex\u00e1menes para ser maestro. De este modo, los trabajadores evitaban la competencia entre ellos, aseguraban la capacidad t\u00e9cnica de los agremiados y la excelencia de sus productos, adem\u00e1s de ejercer un control total sobre el producto for\u00e1neo.<\/p>\n<h3>Una de las realidades m\u00e1s peculiares de los gremios era su participaci\u00f3n en la vida p\u00fablica de la ciudad, especialmente a trav\u00e9s de la organizaci\u00f3n de los festejos.<\/h3>\n<p>El Ayuntamiento obligaba a estas cofrad\u00edas a costear y poner en escena vistosos bailes y espect\u00e1culos en las festividades que se organizaban en torno a grandes eventos como entradas de nuevos arzobispos en la ciudad, bodas y coronaciones reales o nacimiento de pr\u00edncipes, y muy especialmente, las procesiones de Jueves Santo, San Roque y sobre todo el Corpus Christi. Esta \u00faltima era la procesi\u00f3n m\u00e1s importante del calendario lit\u00fargico en toda Espa\u00f1a, y toda una representaci\u00f3n visual de la jerarqu\u00eda del Antiguo R\u00e9gimen, ya que exist\u00eda la costumbre de que los gremios procesionasen por orden de importancia, siendo los mayores aquellos m\u00e1s pr\u00f3ximos a las autoridades eclesi\u00e1sticas. En la mayor\u00eda de las ciudades espa\u00f1olas, el gremio privilegiado era el de los plateros, por su cualidad de tratar con metales preciosos y objetos de alt\u00edsimo valor.<\/p>\n<h3>El endurecimiento de las condiciones para ingresar en los gremios, las medidas proteccionistas contra los artistas extranjeros, la crisis de las peregrinaciones o el comercio de exportaciones con Am\u00e9rica fueron algunos de los motivos que fueron debilitando el sistema a partir del siglo XVIII.<\/h3>\n<p>Las medidas del reformismo ilustrado aplicadas por los gobiernos de Carlos III y Carlos IV, a reflejo de la situaci\u00f3n europea, acabaron por desintegrar el sistema gremial, que podemos dar por extinguido de forma generalizada en Espa\u00f1a a partir de 1842. Aun as\u00ed, esta estructura corporativa estaba tan arraigada y asumida que su ca\u00edda no fue inmediata. Santiago de Compostela, conocida como \u201cla ciudad gremial por excelencia\u201d, sigui\u00f3 manteniendo ciertas trazas del sistema medieval como el aprendizaje en seno del taller, las t\u00e9cnicas artesanales, o la endogamia familiar que aseguraba el establecimiento de las grandes sagas de orfebres. S\u00f3lo hacia finales del siglo XIX, la creaci\u00f3n en 1888 de la Escuela de Artes y Oficios contribuyo\u0301 a institucionalizar y liberalizar el campo de los trabajos art\u00edsticos, pero sin perder nunca de vista la importancia de la tradici\u00f3n y la manufactura artesana.[\/vc_column_text][\/vc_column][\/vc_row]\n","protected":false},"excerpt":{"rendered":"<p>[vc_row type=\u00bbfull_width_background\u00bb full_screen_row_position=\u00bbmiddle\u00bb column_margin=\u00bbdefault\u00bb column_direction=\u00bbdefault\u00bb column_direction_tablet=\u00bbdefault\u00bb column_direction_phone=\u00bbdefault\u00bb bg_image=\u00bb991&#8243; bg_position=\u00bbcenter center\u00bb background_image_loading=\u00bbdefault\u00bb bg_repeat=\u00bbno-repeat\u00bb scene_position=\u00bbcenter\u00bb top_padding=\u00bb15%\u00bb bottom_padding=\u00bb15%\u00bb text_color=\u00bblight\u00bb text_align=\u00bbleft\u00bb row_border_radius=\u00bbnone\u00bb row_border_radius_applies=\u00bbbg\u00bb overflow=\u00bbvisible\u00bb color_overlay=\u00bb#000000&#8243; overlay_strength=\u00bb0.5&#8243; gradient_direction=\u00bbleft_to_right\u00bb shape_divider_position=\u00bbbottom\u00bb bg_image_animation=\u00bbnone\u00bb parallax_bg=\u00bbtrue\u00bb parallax_bg_speed=\u00bbfast\u00bb gradient_type=\u00bbdefault\u00bb shape_type=\u00bb\u00bb][vc_column column_padding=\u00bbno-extra-padding\u00bb&#8230;<\/p>\n","protected":false},"author":2,"featured_media":0,"parent":0,"menu_order":0,"comment_status":"closed","ping_status":"closed","template":"","meta":{"footnotes":""},"class_list":["post-1747","page","type-page","status-publish"],"yoast_head":"<!-- This site is optimized with the Yoast SEO plugin v25.2 - https:\/\/yoast.com\/wordpress\/plugins\/seo\/ -->\n<title>Evoluci\u00f3n de los gremios de San Eloy y San Sebasti\u00e1n a lo largo de la historia de Santiago - Ourives de Compostela<\/title>\n<meta name=\"robots\" content=\"index, follow, max-snippet:-1, max-image-preview:large, max-video-preview:-1\" \/>\n<link rel=\"canonical\" href=\"https:\/\/ourivesdecompostela.gal\/es\/evolucion-de-los-gremios-de-san-eloy-y-san-sebastian-a-lo-largo-de-la-historia-de-santiago\/\" \/>\n<meta property=\"og:locale\" content=\"es_ES\" \/>\n<meta property=\"og:type\" content=\"article\" \/>\n<meta property=\"og:title\" content=\"Evoluci\u00f3n de los gremios de San Eloy y San Sebasti\u00e1n a lo largo de la historia de Santiago - Ourives de Compostela\" \/>\n<meta property=\"og:description\" content=\"[vc_row type=\u00bbfull_width_background\u00bb full_screen_row_position=\u00bbmiddle\u00bb column_margin=\u00bbdefault\u00bb column_direction=\u00bbdefault\u00bb column_direction_tablet=\u00bbdefault\u00bb column_direction_phone=\u00bbdefault\u00bb bg_image=\u00bb991&#8243; bg_position=\u00bbcenter center\u00bb background_image_loading=\u00bbdefault\u00bb bg_repeat=\u00bbno-repeat\u00bb scene_position=\u00bbcenter\u00bb top_padding=\u00bb15%\u00bb bottom_padding=\u00bb15%\u00bb text_color=\u00bblight\u00bb text_align=\u00bbleft\u00bb row_border_radius=\u00bbnone\u00bb row_border_radius_applies=\u00bbbg\u00bb overflow=\u00bbvisible\u00bb color_overlay=\u00bb#000000&#8243; overlay_strength=\u00bb0.5&#8243; gradient_direction=\u00bbleft_to_right\u00bb shape_divider_position=\u00bbbottom\u00bb bg_image_animation=\u00bbnone\u00bb parallax_bg=\u00bbtrue\u00bb parallax_bg_speed=\u00bbfast\u00bb gradient_type=\u00bbdefault\u00bb shape_type=\u00bb\u00bb][vc_column column_padding=\u00bbno-extra-padding\u00bb...\" \/>\n<meta property=\"og:url\" content=\"https:\/\/ourivesdecompostela.gal\/es\/evolucion-de-los-gremios-de-san-eloy-y-san-sebastian-a-lo-largo-de-la-historia-de-santiago\/\" \/>\n<meta property=\"og:site_name\" content=\"Ourives de Compostela\" \/>\n<meta property=\"article:modified_time\" content=\"2023-11-15T09:51:47+00:00\" \/>\n<meta name=\"twitter:card\" content=\"summary_large_image\" \/>\n<meta name=\"twitter:label1\" content=\"Tiempo de lectura\" \/>\n\t<meta name=\"twitter:data1\" content=\"5 minutos\" \/>\n<script type=\"application\/ld+json\" class=\"yoast-schema-graph\">{\"@context\":\"https:\/\/schema.org\",\"@graph\":[{\"@type\":\"WebPage\",\"@id\":\"https:\/\/ourivesdecompostela.gal\/es\/evolucion-de-los-gremios-de-san-eloy-y-san-sebastian-a-lo-largo-de-la-historia-de-santiago\/\",\"url\":\"https:\/\/ourivesdecompostela.gal\/es\/evolucion-de-los-gremios-de-san-eloy-y-san-sebastian-a-lo-largo-de-la-historia-de-santiago\/\",\"name\":\"Evoluci\u00f3n de los gremios de San Eloy y San Sebasti\u00e1n a lo largo de la historia de Santiago - Ourives de Compostela\",\"isPartOf\":{\"@id\":\"https:\/\/ourivesdecompostela.gal\/es\/#website\"},\"datePublished\":\"2023-10-31T10:51:27+00:00\",\"dateModified\":\"2023-11-15T09:51:47+00:00\",\"breadcrumb\":{\"@id\":\"https:\/\/ourivesdecompostela.gal\/es\/evolucion-de-los-gremios-de-san-eloy-y-san-sebastian-a-lo-largo-de-la-historia-de-santiago\/#breadcrumb\"},\"inLanguage\":\"es\",\"potentialAction\":[{\"@type\":\"ReadAction\",\"target\":[\"https:\/\/ourivesdecompostela.gal\/es\/evolucion-de-los-gremios-de-san-eloy-y-san-sebastian-a-lo-largo-de-la-historia-de-santiago\/\"]}]},{\"@type\":\"BreadcrumbList\",\"@id\":\"https:\/\/ourivesdecompostela.gal\/es\/evolucion-de-los-gremios-de-san-eloy-y-san-sebastian-a-lo-largo-de-la-historia-de-santiago\/#breadcrumb\",\"itemListElement\":[{\"@type\":\"ListItem\",\"position\":1,\"name\":\"Portada\",\"item\":\"https:\/\/ourivesdecompostela.gal\/es\/\"},{\"@type\":\"ListItem\",\"position\":2,\"name\":\"Evoluci\u00f3n de los gremios de San Eloy y San Sebasti\u00e1n a lo largo de la historia de Santiago\"}]},{\"@type\":\"WebSite\",\"@id\":\"https:\/\/ourivesdecompostela.gal\/es\/#website\",\"url\":\"https:\/\/ourivesdecompostela.gal\/es\/\",\"name\":\"Ourives de Compostela\",\"description\":\"Aut\u00e9ntica Ouriver\u00eda Ancestral de Santiago\",\"potentialAction\":[{\"@type\":\"SearchAction\",\"target\":{\"@type\":\"EntryPoint\",\"urlTemplate\":\"https:\/\/ourivesdecompostela.gal\/es\/?s={search_term_string}\"},\"query-input\":{\"@type\":\"PropertyValueSpecification\",\"valueRequired\":true,\"valueName\":\"search_term_string\"}}],\"inLanguage\":\"es\"}]}<\/script>\n<!-- \/ Yoast SEO plugin. -->","yoast_head_json":{"title":"Evoluci\u00f3n de los gremios de San Eloy y San Sebasti\u00e1n a lo largo de la historia de Santiago - Ourives de Compostela","robots":{"index":"index","follow":"follow","max-snippet":"max-snippet:-1","max-image-preview":"max-image-preview:large","max-video-preview":"max-video-preview:-1"},"canonical":"https:\/\/ourivesdecompostela.gal\/es\/evolucion-de-los-gremios-de-san-eloy-y-san-sebastian-a-lo-largo-de-la-historia-de-santiago\/","og_locale":"es_ES","og_type":"article","og_title":"Evoluci\u00f3n de los gremios de San Eloy y San Sebasti\u00e1n a lo largo de la historia de Santiago - Ourives de Compostela","og_description":"[vc_row type=\u00bbfull_width_background\u00bb full_screen_row_position=\u00bbmiddle\u00bb column_margin=\u00bbdefault\u00bb column_direction=\u00bbdefault\u00bb column_direction_tablet=\u00bbdefault\u00bb column_direction_phone=\u00bbdefault\u00bb bg_image=\u00bb991&#8243; bg_position=\u00bbcenter center\u00bb background_image_loading=\u00bbdefault\u00bb bg_repeat=\u00bbno-repeat\u00bb scene_position=\u00bbcenter\u00bb top_padding=\u00bb15%\u00bb bottom_padding=\u00bb15%\u00bb text_color=\u00bblight\u00bb text_align=\u00bbleft\u00bb row_border_radius=\u00bbnone\u00bb row_border_radius_applies=\u00bbbg\u00bb overflow=\u00bbvisible\u00bb color_overlay=\u00bb#000000&#8243; overlay_strength=\u00bb0.5&#8243; gradient_direction=\u00bbleft_to_right\u00bb shape_divider_position=\u00bbbottom\u00bb bg_image_animation=\u00bbnone\u00bb parallax_bg=\u00bbtrue\u00bb parallax_bg_speed=\u00bbfast\u00bb gradient_type=\u00bbdefault\u00bb shape_type=\u00bb\u00bb][vc_column column_padding=\u00bbno-extra-padding\u00bb...","og_url":"https:\/\/ourivesdecompostela.gal\/es\/evolucion-de-los-gremios-de-san-eloy-y-san-sebastian-a-lo-largo-de-la-historia-de-santiago\/","og_site_name":"Ourives de Compostela","article_modified_time":"2023-11-15T09:51:47+00:00","twitter_card":"summary_large_image","twitter_misc":{"Tiempo de lectura":"5 minutos"},"schema":{"@context":"https:\/\/schema.org","@graph":[{"@type":"WebPage","@id":"https:\/\/ourivesdecompostela.gal\/es\/evolucion-de-los-gremios-de-san-eloy-y-san-sebastian-a-lo-largo-de-la-historia-de-santiago\/","url":"https:\/\/ourivesdecompostela.gal\/es\/evolucion-de-los-gremios-de-san-eloy-y-san-sebastian-a-lo-largo-de-la-historia-de-santiago\/","name":"Evoluci\u00f3n de los gremios de San Eloy y San Sebasti\u00e1n a lo largo de la historia de Santiago - Ourives de Compostela","isPartOf":{"@id":"https:\/\/ourivesdecompostela.gal\/es\/#website"},"datePublished":"2023-10-31T10:51:27+00:00","dateModified":"2023-11-15T09:51:47+00:00","breadcrumb":{"@id":"https:\/\/ourivesdecompostela.gal\/es\/evolucion-de-los-gremios-de-san-eloy-y-san-sebastian-a-lo-largo-de-la-historia-de-santiago\/#breadcrumb"},"inLanguage":"es","potentialAction":[{"@type":"ReadAction","target":["https:\/\/ourivesdecompostela.gal\/es\/evolucion-de-los-gremios-de-san-eloy-y-san-sebastian-a-lo-largo-de-la-historia-de-santiago\/"]}]},{"@type":"BreadcrumbList","@id":"https:\/\/ourivesdecompostela.gal\/es\/evolucion-de-los-gremios-de-san-eloy-y-san-sebastian-a-lo-largo-de-la-historia-de-santiago\/#breadcrumb","itemListElement":[{"@type":"ListItem","position":1,"name":"Portada","item":"https:\/\/ourivesdecompostela.gal\/es\/"},{"@type":"ListItem","position":2,"name":"Evoluci\u00f3n de los gremios de San Eloy y San Sebasti\u00e1n a lo largo de la historia de Santiago"}]},{"@type":"WebSite","@id":"https:\/\/ourivesdecompostela.gal\/es\/#website","url":"https:\/\/ourivesdecompostela.gal\/es\/","name":"Ourives de Compostela","description":"Aut\u00e9ntica Ouriver\u00eda Ancestral de Santiago","potentialAction":[{"@type":"SearchAction","target":{"@type":"EntryPoint","urlTemplate":"https:\/\/ourivesdecompostela.gal\/es\/?s={search_term_string}"},"query-input":{"@type":"PropertyValueSpecification","valueRequired":true,"valueName":"search_term_string"}}],"inLanguage":"es"}]}},"_links":{"self":[{"href":"https:\/\/ourivesdecompostela.gal\/es\/wp-json\/wp\/v2\/pages\/1747","targetHints":{"allow":["GET"]}}],"collection":[{"href":"https:\/\/ourivesdecompostela.gal\/es\/wp-json\/wp\/v2\/pages"}],"about":[{"href":"https:\/\/ourivesdecompostela.gal\/es\/wp-json\/wp\/v2\/types\/page"}],"author":[{"embeddable":true,"href":"https:\/\/ourivesdecompostela.gal\/es\/wp-json\/wp\/v2\/users\/2"}],"replies":[{"embeddable":true,"href":"https:\/\/ourivesdecompostela.gal\/es\/wp-json\/wp\/v2\/comments?post=1747"}],"version-history":[{"count":3,"href":"https:\/\/ourivesdecompostela.gal\/es\/wp-json\/wp\/v2\/pages\/1747\/revisions"}],"predecessor-version":[{"id":1779,"href":"https:\/\/ourivesdecompostela.gal\/es\/wp-json\/wp\/v2\/pages\/1747\/revisions\/1779"}],"wp:attachment":[{"href":"https:\/\/ourivesdecompostela.gal\/es\/wp-json\/wp\/v2\/media?parent=1747"}],"curies":[{"name":"wp","href":"https:\/\/api.w.org\/{rel}","templated":true}]}}