{"id":1752,"date":"2023-10-31T12:02:26","date_gmt":"2023-10-31T11:02:26","guid":{"rendered":"https:\/\/ourivesdecompostela.gal\/?page_id=1752"},"modified":"2023-11-15T10:52:24","modified_gmt":"2023-11-15T09:52:24","slug":"plateria-y-azabacheria-como-artes-suntuarias-materiales-y-leyes-de-calidad","status":"publish","type":"page","link":"https:\/\/ourivesdecompostela.gal\/es\/plateria-y-azabacheria-como-artes-suntuarias-materiales-y-leyes-de-calidad\/","title":{"rendered":"Plater\u00eda y azabacher\u00eda como artes suntuarias. Materiales y leyes de calidad."},"content":{"rendered":"[vc_row type=\u00bbfull_width_background\u00bb full_screen_row_position=\u00bbmiddle\u00bb column_margin=\u00bbdefault\u00bb column_direction=\u00bbdefault\u00bb column_direction_tablet=\u00bbdefault\u00bb column_direction_phone=\u00bbdefault\u00bb bg_image=\u00bb1000&#8243; bg_position=\u00bbcenter center\u00bb background_image_loading=\u00bbdefault\u00bb bg_repeat=\u00bbno-repeat\u00bb scene_position=\u00bbcenter\u00bb top_padding=\u00bb15%\u00bb bottom_padding=\u00bb15%\u00bb text_color=\u00bblight\u00bb text_align=\u00bbleft\u00bb row_border_radius=\u00bbnone\u00bb row_border_radius_applies=\u00bbbg\u00bb overflow=\u00bbvisible\u00bb color_overlay=\u00bb#000000&#8243; overlay_strength=\u00bb0.5&#8243; gradient_direction=\u00bbleft_to_right\u00bb shape_divider_position=\u00bbbottom\u00bb bg_image_animation=\u00bbnone\u00bb parallax_bg=\u00bbtrue\u00bb parallax_bg_speed=\u00bbfast\u00bb gradient_type=\u00bbdefault\u00bb shape_type=\u00bb\u00bb][vc_column column_padding=\u00bbno-extra-padding\u00bb column_padding_tablet=\u00bbinherit\u00bb column_padding_phone=\u00bbinherit\u00bb column_padding_position=\u00bball\u00bb column_element_direction_desktop=\u00bbdefault\u00bb column_element_spacing=\u00bbdefault\u00bb centered_text=\u00bbtrue\u00bb desktop_text_alignment=\u00bbdefault\u00bb tablet_text_alignment=\u00bbdefault\u00bb phone_text_alignment=\u00bbdefault\u00bb background_color_opacity=\u00bb1&#8243; background_hover_color_opacity=\u00bb1&#8243; column_backdrop_filter=\u00bbnone\u00bb column_shadow=\u00bbnone\u00bb column_border_radius=\u00bbnone\u00bb column_link_target=\u00bb_self\u00bb column_position=\u00bbdefault\u00bb gradient_direction=\u00bbleft_to_right\u00bb overlay_strength=\u00bb0.3&#8243; width=\u00bb1\/1&#8243; tablet_width_inherit=\u00bbdefault\u00bb animation_type=\u00bbdefault\u00bb bg_image_animation=\u00bbnone\u00bb border_type=\u00bbsimple\u00bb column_border_width=\u00bbnone\u00bb column_border_style=\u00bbsolid\u00bb][vc_row_inner column_margin=\u00bbdefault\u00bb column_direction=\u00bbdefault\u00bb column_direction_tablet=\u00bbdefault\u00bb column_direction_phone=\u00bbdefault\u00bb text_align=\u00bbleft\u00bb row_position=\u00bbdefault\u00bb row_position_tablet=\u00bbinherit\u00bb row_position_phone=\u00bbinherit\u00bb overflow=\u00bbvisible\u00bb pointer_events=\u00bball\u00bb][vc_column_inner column_padding=\u00bbno-extra-padding\u00bb column_padding_tablet=\u00bbinherit\u00bb column_padding_phone=\u00bbinherit\u00bb column_padding_position=\u00bball\u00bb column_element_direction_desktop=\u00bbdefault\u00bb column_element_spacing=\u00bbdefault\u00bb desktop_text_alignment=\u00bbdefault\u00bb tablet_text_alignment=\u00bbdefault\u00bb phone_text_alignment=\u00bbdefault\u00bb background_color_opacity=\u00bb1&#8243; background_hover_color_opacity=\u00bb1&#8243; column_backdrop_filter=\u00bbnone\u00bb column_shadow=\u00bbnone\u00bb column_border_radius=\u00bbnone\u00bb column_link_target=\u00bb_self\u00bb overflow=\u00bbvisible\u00bb gradient_direction=\u00bbleft_to_right\u00bb overlay_strength=\u00bb0.3&#8243; width=\u00bb1\/1&#8243; tablet_width_inherit=\u00bbdefault\u00bb animation_type=\u00bbdefault\u00bb enable_animation=\u00bbtrue\u00bb animation=\u00bbfade-in-from-bottom\u00bb animation_easing=\u00bbdefault\u00bb bg_image_animation=\u00bbnone\u00bb border_type=\u00bbsimple\u00bb column_border_width=\u00bbnone\u00bb column_border_style=\u00bbsolid\u00bb][split_line_heading animation_type=\u00bbline-reveal-by-space\u00bb font_style=\u00bbh1&#8243; line_reveal_by_space_text_effect=\u00bbdefault\u00bb content_alignment=\u00bbdefault\u00bb mobile_content_alignment=\u00bbinherit\u00bb link_target=\u00bb_self\u00bb text_content=\u00bbPlater\u00eda y azabacher\u00eda como artes suntuarias. Materiales y leyes de calidad.\u00bb font_size=\u00bb3vw\u00bb][\/split_line_heading][\/vc_column_inner][\/vc_row_inner][\/vc_column][\/vc_row][vc_row type=\u00bbin_container\u00bb full_screen_row_position=\u00bbmiddle\u00bb column_margin=\u00bbdefault\u00bb column_direction=\u00bbdefault\u00bb column_direction_tablet=\u00bbdefault\u00bb column_direction_phone=\u00bbdefault\u00bb scene_position=\u00bbcenter\u00bb top_padding=\u00bb5%\u00bb bottom_padding=\u00bb5%\u00bb text_color=\u00bbdark\u00bb text_align=\u00bbleft\u00bb row_border_radius=\u00bbnone\u00bb row_border_radius_applies=\u00bbbg\u00bb overflow=\u00bbvisible\u00bb overlay_strength=\u00bb0.3&#8243; gradient_direction=\u00bbleft_to_right\u00bb shape_divider_position=\u00bbbottom\u00bb bg_image_animation=\u00bbnone\u00bb gradient_type=\u00bbdefault\u00bb shape_type=\u00bb\u00bb][vc_column column_padding=\u00bbno-extra-padding\u00bb column_padding_tablet=\u00bbinherit\u00bb column_padding_phone=\u00bbinherit\u00bb column_padding_position=\u00bball\u00bb column_element_direction_desktop=\u00bbdefault\u00bb column_element_spacing=\u00bbdefault\u00bb desktop_text_alignment=\u00bbdefault\u00bb tablet_text_alignment=\u00bbdefault\u00bb phone_text_alignment=\u00bbdefault\u00bb background_color_opacity=\u00bb1&#8243; background_hover_color_opacity=\u00bb1&#8243; column_backdrop_filter=\u00bbnone\u00bb column_shadow=\u00bbnone\u00bb column_border_radius=\u00bbnone\u00bb column_link_target=\u00bb_self\u00bb column_position=\u00bbdefault\u00bb gradient_direction=\u00bbleft_to_right\u00bb overlay_strength=\u00bb0.3&#8243; width=\u00bb1\/1&#8243; tablet_width_inherit=\u00bbdefault\u00bb animation_type=\u00bbdefault\u00bb bg_image_animation=\u00bbnone\u00bb border_type=\u00bbsimple\u00bb column_border_width=\u00bbnone\u00bb column_border_style=\u00bbsolid\u00bb][vc_column_text]\n<h3>Artes suntuarias<\/h3>\n<p>Plater\u00eda y orfebrer\u00eda son t\u00e9rminos equivalentes y ambos se refieren al arte de labrar piezas en plata y oro. Al ser un arte realizada con metales preciosos muy escasos, la plater\u00eda fue un arte muy apreciada a lo largo de la historia. Para que nos hagamos una idea, las piezas de plater\u00eda ten\u00edan mucho m\u00e1s valor en la Edad Moderna que cualquier cuadro o escultura, paradigma que cambi\u00f3 a partir del nacimiento de la Historia del Arte en el siglo XVIII, que decidi\u00f3 elevar estas disciplinas a la categor\u00eda de \u201cBellas Artes\u201d y relegar a la plater\u00eda y la azabacher\u00eda \u2014junto con otras inmensamente apreciadas como los tapices, la porcelana, los esmaltes, los marfiles, etc.\u2014 a la categor\u00eda de \u201cArtes Decorativas\u201d. Esta distinci\u00f3n resulta parad\u00f3jica, teniendo en cuenta que la funci\u00f3n de un cuadro o una escultura es principalmente \u201cdecorar\u201d, mientras que artes como la plater\u00eda, la cer\u00e1mica o la cristaler\u00eda sirven a un prop\u00f3sito \u00fatil en la vida diaria de las personas, ya sea en el culto, el servicio de mesa, de escritorio, de tocador, etc. Por la riqueza de sus materiales y el aprecio hist\u00f3rico, los historiadores de este tipo de disciplinas suelen preferir el t\u00e9rmino \u201cArtes Suntuarias\u201d.<\/p>\n<h3>Autentificar la calidad y pureza de materiales<\/h3>\n<p>Tanto el oro como la plata son metales nobles muy escasos en la corteza terrestre y de gran valor monetario. La necesidad del arte de la plater\u00eda de autentificar constantemente su calidad y su pureza para evitar enga\u00f1os y fraudes llev\u00f3 a finales de la Edad Media a establecer por los gobiernos europeos \u2014en Espa\u00f1a mediante Real Pragm\u00e1tica de los Reyes Cat\u00f3licos\u2014 un sistema de marcado que asegurase la autenticidad y la legitimidad del material usado. Una de las caracter\u00edsticas m\u00e1s apasionantes del estudio del arte de la plater\u00eda es el saber interpretar esas marcas, propias de cada platero y territorio.<\/p>\n<h3>Marcas de calidad del material<\/h3>\n<p>Hoy en d\u00eda todav\u00eda pervive de forma obligatoria una de estas, la marca de calidad del material. Observando sus joyas de plata y oro, si son de primera ley, podr\u00e1n observar unos peque\u00f1os n\u00fameros grabados en alguna parte de estas. En el caso de la plata, deben buscar un \u201c925\u201d. Esto hace referencia a que el material tiene una pureza del 92,5% o 925 mil\u00e9simas de plata pura por cada gramo de material, siendo el resto habitualmente cobre. Esta se conoce como plata de 1\u00aa ley o plata esterlina. La plata pura no puede usarse en joyer\u00eda debido a que es demasiado blanda y necesita alearse con otro material. Por debajo de la esterlina tendr\u00edamos la plata de 2\u00aa ley, con 800 mil\u00e9simas de plata pura o una pureza del 80%.<\/p>\n<h3>El oro<\/h3>\n<p>El oro, adem\u00e1s de m\u00e1s escaso y caro, es un material m\u00e1s blando que la plata y necesita alearse con un porcentaje mayor de otro material. El oro de 1\u00aa ley o 18 kilates cuenta con 750 mil\u00e9simas de oro puro por cada gramo de material \u2014el resto suele ser cobre y plata\u2014, es decir una pureza del 75%. Es por ello por lo que las joyas de oro de 1\u00aa ley llevan grabado el n\u00famero \u201c750\u201d. Por encima existe el oro puro, de 24 kilates, demasiado blando para ser empleado en joyer\u00eda. Por debajo, el oro de 2\u00aa ley o 14 kilates se corresponde con la marca \u201c580\u201d o una pureza del 58%. Tambi\u00e9n es conveniente distinguir que cuando hablamos de kilate nos podemos referir a dos unidades de medida distintas, kilate (k) con k, que procede de la palabra inglesa karat, unidad de medida de la pureza del oro; y quilate (ct) con q, o la unidad de medida de masa de las piedras preciosas \u2014en esta segunda acepci\u00f3n, un quilate ser\u00eda 0,20 gramos de diamante\u2014.<\/p>\n<h3>Otras marcas<\/h3>\n<p>Si observamos piezas hist\u00f3ricas podemos encontrar otras cuatro marcas. La primera es la marca de platero y equivale a su firma, compuesta normalmente por una inicial y su apellido. Las otras tres marcas se refieren a los controles de calidad de la plata. La marca de marcador o ensayador era estampada por el platero que cada Ayuntamiento designaba para que velase por la calidad del material empleado por los art\u00edfices. Este realizaba una prueba conocida como \u201censaye\u201d, mediante la cual determinaba que la pieza era de plata u oro de ley, y si no lo era, se destru\u00eda. Si era apta para su comercializaci\u00f3n, el marcador estampaba su marca personal \u2014habitualmente inicial y apellido\u2014 y la marca de la ciudad, una divisa particular de cada municipio. Mientras en otras ciudades se mantuvo una marca m\u00e1s o menos fija \u2014en Coru\u00f1a la Torre de H\u00e9rcules, en Orense el le\u00f3n sobre el puente romano, etc.\u2014, las marcas de Santiago fueron cambiando sucesivamente cada siglo: un Santiago peregrino (XVI), una concha (XVII), la urna apost\u00f3lica (XVIII), el c\u00e1liz con la sagrada forma (XIX) y la propia palabra \u201cSantiago\u201d (XX). Por \u00faltimo, habr\u00eda que aludir a la marca cronol\u00f3gica, que se refiere al a\u00f1o de hechura de la pieza, siendo muy \u00fatil para los historiadores.<\/p>\n<h3>El azabache<\/h3>\n<p>El azabache no es un material precioso, por lo que no exig\u00eda controles tan exhaustivos, aunque s\u00ed era necesario que se asegurase la calidad y autenticidad de este, y que no se empleasen otros materiales similares como el lignito. Al contrario de lo que se suele pensar, no se trata de una piedra sino de un mineraloide similar al carb\u00f3n, de origen vegetal, producido durante el periodo Jur\u00e1sico. El azabache asturiano est\u00e1 considerado uno de los de mejor calidad del mundo, por lo que la mayor\u00eda del material empleado en Compostela a lo largo de la historia ha procedido de esta regi\u00f3n vecina.[\/vc_column_text][\/vc_column][\/vc_row]\n","protected":false},"excerpt":{"rendered":"<p>[vc_row type=\u00bbfull_width_background\u00bb full_screen_row_position=\u00bbmiddle\u00bb column_margin=\u00bbdefault\u00bb column_direction=\u00bbdefault\u00bb column_direction_tablet=\u00bbdefault\u00bb column_direction_phone=\u00bbdefault\u00bb bg_image=\u00bb1000&#8243; bg_position=\u00bbcenter center\u00bb background_image_loading=\u00bbdefault\u00bb bg_repeat=\u00bbno-repeat\u00bb scene_position=\u00bbcenter\u00bb top_padding=\u00bb15%\u00bb bottom_padding=\u00bb15%\u00bb text_color=\u00bblight\u00bb text_align=\u00bbleft\u00bb row_border_radius=\u00bbnone\u00bb row_border_radius_applies=\u00bbbg\u00bb overflow=\u00bbvisible\u00bb color_overlay=\u00bb#000000&#8243; overlay_strength=\u00bb0.5&#8243; gradient_direction=\u00bbleft_to_right\u00bb shape_divider_position=\u00bbbottom\u00bb bg_image_animation=\u00bbnone\u00bb parallax_bg=\u00bbtrue\u00bb parallax_bg_speed=\u00bbfast\u00bb gradient_type=\u00bbdefault\u00bb shape_type=\u00bb\u00bb][vc_column column_padding=\u00bbno-extra-padding\u00bb&#8230;<\/p>\n","protected":false},"author":2,"featured_media":0,"parent":0,"menu_order":0,"comment_status":"closed","ping_status":"closed","template":"","meta":{"footnotes":""},"class_list":["post-1752","page","type-page","status-publish"],"yoast_head":"<!-- This site is optimized with the Yoast SEO plugin v25.2 - https:\/\/yoast.com\/wordpress\/plugins\/seo\/ -->\n<title>Plater\u00eda y azabacher\u00eda como artes suntuarias. Materiales y leyes de calidad. - Ourives de Compostela<\/title>\n<meta name=\"robots\" content=\"index, follow, max-snippet:-1, max-image-preview:large, max-video-preview:-1\" \/>\n<link rel=\"canonical\" href=\"https:\/\/ourivesdecompostela.gal\/es\/plateria-y-azabacheria-como-artes-suntuarias-materiales-y-leyes-de-calidad\/\" \/>\n<meta property=\"og:locale\" content=\"es_ES\" \/>\n<meta property=\"og:type\" content=\"article\" \/>\n<meta property=\"og:title\" content=\"Plater\u00eda y azabacher\u00eda como artes suntuarias. Materiales y leyes de calidad. - Ourives de Compostela\" \/>\n<meta property=\"og:description\" content=\"[vc_row type=\u00bbfull_width_background\u00bb full_screen_row_position=\u00bbmiddle\u00bb column_margin=\u00bbdefault\u00bb column_direction=\u00bbdefault\u00bb column_direction_tablet=\u00bbdefault\u00bb column_direction_phone=\u00bbdefault\u00bb bg_image=\u00bb1000&#8243; bg_position=\u00bbcenter center\u00bb background_image_loading=\u00bbdefault\u00bb bg_repeat=\u00bbno-repeat\u00bb scene_position=\u00bbcenter\u00bb top_padding=\u00bb15%\u00bb bottom_padding=\u00bb15%\u00bb text_color=\u00bblight\u00bb text_align=\u00bbleft\u00bb row_border_radius=\u00bbnone\u00bb row_border_radius_applies=\u00bbbg\u00bb overflow=\u00bbvisible\u00bb color_overlay=\u00bb#000000&#8243; overlay_strength=\u00bb0.5&#8243; gradient_direction=\u00bbleft_to_right\u00bb shape_divider_position=\u00bbbottom\u00bb bg_image_animation=\u00bbnone\u00bb parallax_bg=\u00bbtrue\u00bb parallax_bg_speed=\u00bbfast\u00bb gradient_type=\u00bbdefault\u00bb shape_type=\u00bb\u00bb][vc_column column_padding=\u00bbno-extra-padding\u00bb...\" \/>\n<meta property=\"og:url\" content=\"https:\/\/ourivesdecompostela.gal\/es\/plateria-y-azabacheria-como-artes-suntuarias-materiales-y-leyes-de-calidad\/\" \/>\n<meta property=\"og:site_name\" content=\"Ourives de Compostela\" \/>\n<meta property=\"article:modified_time\" content=\"2023-11-15T09:52:24+00:00\" \/>\n<meta name=\"twitter:card\" content=\"summary_large_image\" \/>\n<meta name=\"twitter:label1\" content=\"Tiempo de lectura\" \/>\n\t<meta name=\"twitter:data1\" content=\"7 minutos\" \/>\n<script type=\"application\/ld+json\" class=\"yoast-schema-graph\">{\"@context\":\"https:\/\/schema.org\",\"@graph\":[{\"@type\":\"WebPage\",\"@id\":\"https:\/\/ourivesdecompostela.gal\/es\/plateria-y-azabacheria-como-artes-suntuarias-materiales-y-leyes-de-calidad\/\",\"url\":\"https:\/\/ourivesdecompostela.gal\/es\/plateria-y-azabacheria-como-artes-suntuarias-materiales-y-leyes-de-calidad\/\",\"name\":\"Plater\u00eda y azabacher\u00eda como artes suntuarias. Materiales y leyes de calidad. - Ourives de Compostela\",\"isPartOf\":{\"@id\":\"https:\/\/ourivesdecompostela.gal\/es\/#website\"},\"datePublished\":\"2023-10-31T11:02:26+00:00\",\"dateModified\":\"2023-11-15T09:52:24+00:00\",\"breadcrumb\":{\"@id\":\"https:\/\/ourivesdecompostela.gal\/es\/plateria-y-azabacheria-como-artes-suntuarias-materiales-y-leyes-de-calidad\/#breadcrumb\"},\"inLanguage\":\"es\",\"potentialAction\":[{\"@type\":\"ReadAction\",\"target\":[\"https:\/\/ourivesdecompostela.gal\/es\/plateria-y-azabacheria-como-artes-suntuarias-materiales-y-leyes-de-calidad\/\"]}]},{\"@type\":\"BreadcrumbList\",\"@id\":\"https:\/\/ourivesdecompostela.gal\/es\/plateria-y-azabacheria-como-artes-suntuarias-materiales-y-leyes-de-calidad\/#breadcrumb\",\"itemListElement\":[{\"@type\":\"ListItem\",\"position\":1,\"name\":\"Portada\",\"item\":\"https:\/\/ourivesdecompostela.gal\/es\/\"},{\"@type\":\"ListItem\",\"position\":2,\"name\":\"Plater\u00eda y azabacher\u00eda como artes suntuarias. Materiales y leyes de calidad.\"}]},{\"@type\":\"WebSite\",\"@id\":\"https:\/\/ourivesdecompostela.gal\/es\/#website\",\"url\":\"https:\/\/ourivesdecompostela.gal\/es\/\",\"name\":\"Ourives de Compostela\",\"description\":\"Aut\u00e9ntica Ouriver\u00eda Ancestral de Santiago\",\"potentialAction\":[{\"@type\":\"SearchAction\",\"target\":{\"@type\":\"EntryPoint\",\"urlTemplate\":\"https:\/\/ourivesdecompostela.gal\/es\/?s={search_term_string}\"},\"query-input\":{\"@type\":\"PropertyValueSpecification\",\"valueRequired\":true,\"valueName\":\"search_term_string\"}}],\"inLanguage\":\"es\"}]}<\/script>\n<!-- \/ Yoast SEO plugin. -->","yoast_head_json":{"title":"Plater\u00eda y azabacher\u00eda como artes suntuarias. Materiales y leyes de calidad. - Ourives de Compostela","robots":{"index":"index","follow":"follow","max-snippet":"max-snippet:-1","max-image-preview":"max-image-preview:large","max-video-preview":"max-video-preview:-1"},"canonical":"https:\/\/ourivesdecompostela.gal\/es\/plateria-y-azabacheria-como-artes-suntuarias-materiales-y-leyes-de-calidad\/","og_locale":"es_ES","og_type":"article","og_title":"Plater\u00eda y azabacher\u00eda como artes suntuarias. Materiales y leyes de calidad. - Ourives de Compostela","og_description":"[vc_row type=\u00bbfull_width_background\u00bb full_screen_row_position=\u00bbmiddle\u00bb column_margin=\u00bbdefault\u00bb column_direction=\u00bbdefault\u00bb column_direction_tablet=\u00bbdefault\u00bb column_direction_phone=\u00bbdefault\u00bb bg_image=\u00bb1000&#8243; bg_position=\u00bbcenter center\u00bb background_image_loading=\u00bbdefault\u00bb bg_repeat=\u00bbno-repeat\u00bb scene_position=\u00bbcenter\u00bb top_padding=\u00bb15%\u00bb bottom_padding=\u00bb15%\u00bb text_color=\u00bblight\u00bb text_align=\u00bbleft\u00bb row_border_radius=\u00bbnone\u00bb row_border_radius_applies=\u00bbbg\u00bb overflow=\u00bbvisible\u00bb color_overlay=\u00bb#000000&#8243; overlay_strength=\u00bb0.5&#8243; gradient_direction=\u00bbleft_to_right\u00bb shape_divider_position=\u00bbbottom\u00bb bg_image_animation=\u00bbnone\u00bb parallax_bg=\u00bbtrue\u00bb parallax_bg_speed=\u00bbfast\u00bb gradient_type=\u00bbdefault\u00bb shape_type=\u00bb\u00bb][vc_column column_padding=\u00bbno-extra-padding\u00bb...","og_url":"https:\/\/ourivesdecompostela.gal\/es\/plateria-y-azabacheria-como-artes-suntuarias-materiales-y-leyes-de-calidad\/","og_site_name":"Ourives de Compostela","article_modified_time":"2023-11-15T09:52:24+00:00","twitter_card":"summary_large_image","twitter_misc":{"Tiempo de lectura":"7 minutos"},"schema":{"@context":"https:\/\/schema.org","@graph":[{"@type":"WebPage","@id":"https:\/\/ourivesdecompostela.gal\/es\/plateria-y-azabacheria-como-artes-suntuarias-materiales-y-leyes-de-calidad\/","url":"https:\/\/ourivesdecompostela.gal\/es\/plateria-y-azabacheria-como-artes-suntuarias-materiales-y-leyes-de-calidad\/","name":"Plater\u00eda y azabacher\u00eda como artes suntuarias. Materiales y leyes de calidad. - Ourives de Compostela","isPartOf":{"@id":"https:\/\/ourivesdecompostela.gal\/es\/#website"},"datePublished":"2023-10-31T11:02:26+00:00","dateModified":"2023-11-15T09:52:24+00:00","breadcrumb":{"@id":"https:\/\/ourivesdecompostela.gal\/es\/plateria-y-azabacheria-como-artes-suntuarias-materiales-y-leyes-de-calidad\/#breadcrumb"},"inLanguage":"es","potentialAction":[{"@type":"ReadAction","target":["https:\/\/ourivesdecompostela.gal\/es\/plateria-y-azabacheria-como-artes-suntuarias-materiales-y-leyes-de-calidad\/"]}]},{"@type":"BreadcrumbList","@id":"https:\/\/ourivesdecompostela.gal\/es\/plateria-y-azabacheria-como-artes-suntuarias-materiales-y-leyes-de-calidad\/#breadcrumb","itemListElement":[{"@type":"ListItem","position":1,"name":"Portada","item":"https:\/\/ourivesdecompostela.gal\/es\/"},{"@type":"ListItem","position":2,"name":"Plater\u00eda y azabacher\u00eda como artes suntuarias. Materiales y leyes de calidad."}]},{"@type":"WebSite","@id":"https:\/\/ourivesdecompostela.gal\/es\/#website","url":"https:\/\/ourivesdecompostela.gal\/es\/","name":"Ourives de Compostela","description":"Aut\u00e9ntica Ouriver\u00eda Ancestral de Santiago","potentialAction":[{"@type":"SearchAction","target":{"@type":"EntryPoint","urlTemplate":"https:\/\/ourivesdecompostela.gal\/es\/?s={search_term_string}"},"query-input":{"@type":"PropertyValueSpecification","valueRequired":true,"valueName":"search_term_string"}}],"inLanguage":"es"}]}},"_links":{"self":[{"href":"https:\/\/ourivesdecompostela.gal\/es\/wp-json\/wp\/v2\/pages\/1752","targetHints":{"allow":["GET"]}}],"collection":[{"href":"https:\/\/ourivesdecompostela.gal\/es\/wp-json\/wp\/v2\/pages"}],"about":[{"href":"https:\/\/ourivesdecompostela.gal\/es\/wp-json\/wp\/v2\/types\/page"}],"author":[{"embeddable":true,"href":"https:\/\/ourivesdecompostela.gal\/es\/wp-json\/wp\/v2\/users\/2"}],"replies":[{"embeddable":true,"href":"https:\/\/ourivesdecompostela.gal\/es\/wp-json\/wp\/v2\/comments?post=1752"}],"version-history":[{"count":5,"href":"https:\/\/ourivesdecompostela.gal\/es\/wp-json\/wp\/v2\/pages\/1752\/revisions"}],"predecessor-version":[{"id":1778,"href":"https:\/\/ourivesdecompostela.gal\/es\/wp-json\/wp\/v2\/pages\/1752\/revisions\/1778"}],"wp:attachment":[{"href":"https:\/\/ourivesdecompostela.gal\/es\/wp-json\/wp\/v2\/media?parent=1752"}],"curies":[{"name":"wp","href":"https:\/\/api.w.org\/{rel}","templated":true}]}}