{"id":1759,"date":"2023-10-31T12:29:18","date_gmt":"2023-10-31T11:29:18","guid":{"rendered":"https:\/\/ourivesdecompostela.gal\/?page_id=1759"},"modified":"2023-11-15T10:52:39","modified_gmt":"2023-11-15T09:52:39","slug":"herramientas-tecnicas-tradicionales-y-tipologias","status":"publish","type":"page","link":"https:\/\/ourivesdecompostela.gal\/es\/herramientas-tecnicas-tradicionales-y-tipologias\/","title":{"rendered":"Herramientas, t\u00e9cnicas tradicionales y tipolog\u00edas"},"content":{"rendered":"[vc_row type=\u00bbfull_width_background\u00bb full_screen_row_position=\u00bbmiddle\u00bb column_margin=\u00bbdefault\u00bb column_direction=\u00bbdefault\u00bb column_direction_tablet=\u00bbdefault\u00bb column_direction_phone=\u00bbdefault\u00bb bg_image=\u00bb831&#8243; bg_position=\u00bbcenter center\u00bb background_image_loading=\u00bbdefault\u00bb bg_repeat=\u00bbno-repeat\u00bb scene_position=\u00bbcenter\u00bb top_padding=\u00bb15%\u00bb bottom_padding=\u00bb15%\u00bb text_color=\u00bblight\u00bb text_align=\u00bbleft\u00bb row_border_radius=\u00bbnone\u00bb row_border_radius_applies=\u00bbbg\u00bb overflow=\u00bbvisible\u00bb color_overlay=\u00bb#000000&#8243; overlay_strength=\u00bb0.5&#8243; gradient_direction=\u00bbleft_to_right\u00bb shape_divider_position=\u00bbbottom\u00bb bg_image_animation=\u00bbnone\u00bb parallax_bg=\u00bbtrue\u00bb parallax_bg_speed=\u00bbfast\u00bb gradient_type=\u00bbdefault\u00bb shape_type=\u00bb\u00bb][vc_column column_padding=\u00bbno-extra-padding\u00bb column_padding_tablet=\u00bbinherit\u00bb column_padding_phone=\u00bbinherit\u00bb column_padding_position=\u00bball\u00bb column_element_direction_desktop=\u00bbdefault\u00bb column_element_spacing=\u00bbdefault\u00bb centered_text=\u00bbtrue\u00bb desktop_text_alignment=\u00bbdefault\u00bb tablet_text_alignment=\u00bbdefault\u00bb phone_text_alignment=\u00bbdefault\u00bb background_color_opacity=\u00bb1&#8243; background_hover_color_opacity=\u00bb1&#8243; column_backdrop_filter=\u00bbnone\u00bb column_shadow=\u00bbnone\u00bb column_border_radius=\u00bbnone\u00bb column_link_target=\u00bb_self\u00bb column_position=\u00bbdefault\u00bb gradient_direction=\u00bbleft_to_right\u00bb overlay_strength=\u00bb0.3&#8243; width=\u00bb1\/1&#8243; tablet_width_inherit=\u00bbdefault\u00bb animation_type=\u00bbdefault\u00bb bg_image_animation=\u00bbnone\u00bb border_type=\u00bbsimple\u00bb column_border_width=\u00bbnone\u00bb column_border_style=\u00bbsolid\u00bb][vc_row_inner column_margin=\u00bbdefault\u00bb column_direction=\u00bbdefault\u00bb column_direction_tablet=\u00bbdefault\u00bb column_direction_phone=\u00bbdefault\u00bb text_align=\u00bbleft\u00bb row_position=\u00bbdefault\u00bb row_position_tablet=\u00bbinherit\u00bb row_position_phone=\u00bbinherit\u00bb overflow=\u00bbvisible\u00bb pointer_events=\u00bball\u00bb][vc_column_inner column_padding=\u00bbno-extra-padding\u00bb column_padding_tablet=\u00bbinherit\u00bb column_padding_phone=\u00bbinherit\u00bb column_padding_position=\u00bball\u00bb column_element_direction_desktop=\u00bbdefault\u00bb column_element_spacing=\u00bbdefault\u00bb desktop_text_alignment=\u00bbdefault\u00bb tablet_text_alignment=\u00bbdefault\u00bb phone_text_alignment=\u00bbdefault\u00bb background_color_opacity=\u00bb1&#8243; background_hover_color_opacity=\u00bb1&#8243; column_backdrop_filter=\u00bbnone\u00bb column_shadow=\u00bbnone\u00bb column_border_radius=\u00bbnone\u00bb column_link_target=\u00bb_self\u00bb overflow=\u00bbvisible\u00bb gradient_direction=\u00bbleft_to_right\u00bb overlay_strength=\u00bb0.3&#8243; width=\u00bb1\/1&#8243; tablet_width_inherit=\u00bbdefault\u00bb animation_type=\u00bbdefault\u00bb enable_animation=\u00bbtrue\u00bb animation=\u00bbfade-in-from-bottom\u00bb animation_easing=\u00bbdefault\u00bb bg_image_animation=\u00bbnone\u00bb border_type=\u00bbsimple\u00bb column_border_width=\u00bbnone\u00bb column_border_style=\u00bbsolid\u00bb][split_line_heading animation_type=\u00bbline-reveal-by-space\u00bb font_style=\u00bbh1&#8243; line_reveal_by_space_text_effect=\u00bbdefault\u00bb content_alignment=\u00bbdefault\u00bb mobile_content_alignment=\u00bbinherit\u00bb link_target=\u00bb_self\u00bb text_content=\u00bbHerramientas, t\u00e9cnicas tradicionales y tipolog\u00edas\u00bb font_size=\u00bb3vw\u00bb][\/split_line_heading][\/vc_column_inner][\/vc_row_inner][\/vc_column][\/vc_row][vc_row type=\u00bbin_container\u00bb full_screen_row_position=\u00bbmiddle\u00bb column_margin=\u00bbdefault\u00bb column_direction=\u00bbdefault\u00bb column_direction_tablet=\u00bbdefault\u00bb column_direction_phone=\u00bbdefault\u00bb scene_position=\u00bbcenter\u00bb top_padding=\u00bb5%\u00bb bottom_padding=\u00bb5%\u00bb text_color=\u00bbdark\u00bb text_align=\u00bbleft\u00bb row_border_radius=\u00bbnone\u00bb row_border_radius_applies=\u00bbbg\u00bb overflow=\u00bbvisible\u00bb overlay_strength=\u00bb0.3&#8243; gradient_direction=\u00bbleft_to_right\u00bb shape_divider_position=\u00bbbottom\u00bb bg_image_animation=\u00bbnone\u00bb gradient_type=\u00bbdefault\u00bb shape_type=\u00bb\u00bb][vc_column column_padding=\u00bbno-extra-padding\u00bb column_padding_tablet=\u00bbinherit\u00bb column_padding_phone=\u00bbinherit\u00bb column_padding_position=\u00bball\u00bb column_element_direction_desktop=\u00bbdefault\u00bb column_element_spacing=\u00bbdefault\u00bb desktop_text_alignment=\u00bbdefault\u00bb tablet_text_alignment=\u00bbdefault\u00bb phone_text_alignment=\u00bbdefault\u00bb background_color_opacity=\u00bb1&#8243; background_hover_color_opacity=\u00bb1&#8243; column_backdrop_filter=\u00bbnone\u00bb column_shadow=\u00bbnone\u00bb column_border_radius=\u00bbnone\u00bb column_link_target=\u00bb_self\u00bb column_position=\u00bbdefault\u00bb gradient_direction=\u00bbleft_to_right\u00bb overlay_strength=\u00bb0.3&#8243; width=\u00bb1\/1&#8243; tablet_width_inherit=\u00bbdefault\u00bb animation_type=\u00bbdefault\u00bb bg_image_animation=\u00bbnone\u00bb border_type=\u00bbsimple\u00bb column_border_width=\u00bbnone\u00bb column_border_style=\u00bbsolid\u00bb][vc_column_text]\n<h3>Herramientas y materiales<\/h3>\n<p>En cuanto al aspecto de herramientas y materiales empleados en el obrador del platero y el azabachero, son pocos los datos en la documentaci\u00f3n hist\u00f3rica que permita hacer una recreaci\u00f3n fiable. En algunos de ellos como inventarios o testamentos se mencionan un banco de madera, la forja o fragua, el torno, mobiliario diverso \u2014banquetas, taburetes, estanter\u00edas, aparadores\u2014 y todo tipo de herramientas \u2014fuelles, yunques, picheles, calderos, escudillas, tenazas, buriles, limas, cinceles, brun\u0303idores, martillos, balanzas, tijeras o moldes\u2014.<\/p>\n<h3>Las t\u00e9cnicas<\/h3>\n<p>Las principales t\u00e9cnicas que se emplean en el arte de la plater\u00eda son las siguientes: en primer lugar, el fundido a la cera perdida, con un molde de cera macho mediante el cual se consigue hacer un molde hembra sobre el cual volcar la plata y oro fundidos y realizar copias en serie. Se trata del mismo procedimiento que se ha empleado en la historia del arte para reproducir grandes esculturas en bronce, y que sigue emple\u00e1ndose hoy de forma muy habitual en la joyer\u00eda para producir peque\u00f1as piezas. En segundo lugar tendr\u00edamos el torneado, o darle forma a la pieza mediante el torno \u2014pensemos, por ejemplo, en el astil de un c\u00e1liz\u2014. En tercer lugar, el cincelado y el repujado, o labrar los relieves decorativos mediante un cincel, son las t\u00e9cnicas m\u00e1s habituales. La diferencia estriba en que el cincelado se efect\u00faa en positivo, por el anverso de la pieza, y el repujado en negativo, por el reverso, de forma que se hunde el volumen que despu\u00e9s sobresaldr\u00e1 por la cara principal de la obra. Esta operaci\u00f3n se efect\u00faa sobre un lacre que se calienta y reblandece, sobre el cual el platero dispone la plancha de plata que va repujando con un peque\u00f1o cincel y un martillo. Podemos decir, por lo tanto, que el repujado constituye una t\u00e9cnica propia y caracter\u00edstica del arte de la plater\u00eda, y donde los art\u00edfices suelen desplegar su particular maestr\u00eda. Finalmente, el platero puede llevar a cabo el calado o troquelado de algunas partes para conseguir efectos decorativos, as\u00ed como el bru\u00f1ido de la pieza que asegura conseguir todo el brillo posible del material, operaci\u00f3n que se realiza con una piedra de \u00e1gata.<\/p>\n<p>Tambi\u00e9n debemos aludir al arte de la filigrana, especialmente empleada en peque\u00f1as piezas o joyer\u00eda, y que se refiere a la creaci\u00f3n de obras mediante un fino hilo de plata u oro que se va retorciendo y entrelazando sobre s\u00ed mismo para conseguir la composici\u00f3n de la obra. En cualquier pieza, tambi\u00e9n habr\u00eda que contemplar la posibilidad del sobredorado o ba\u00f1o de oro, el esmaltado o el engastado de piedras preciosas u otros materiales como perlas, n\u00e1car o por supuesto, azabache. El azabache, por su propia naturaleza de material fr\u00e1gil, tendente a resquebrajarse, requiere de mucha destreza para su manufactura, a trav\u00e9s, principalmente, de la t\u00e9cnica del tallado mediante gubias y cuchillos o peque\u00f1os tornos, para su posterior pulido.<\/p>\n<h3>Tipolog\u00edas<\/h3>\n<h4><\/h4>\n<h4>Piezas religiosas<\/h4>\n<p>En cuanto a las tipolog\u00edas, las piezas de orfebrer\u00eda se pueden subdividir en dos grandes grupos, las religiosas y las civiles. Entre las primeras, las m\u00e1s habituales son las llamadas de pontifical o servicio de misa: c\u00e1lices con su patena, copones \u2014para las hostias\u2014, vinajeras \u2014para el vino y el agua\u2014, incensarios \u2014como el botafumeiro, pero de peque\u00f1o tama\u00f1o\u2014, navetas \u2014piezas en forma de barco para guardar el incienso, con su cucharilla\u2014, palmatorias \u2014para encajar velas\u2014 o despabiladeras \u2014para cortar el p\u00e1bilo o mecha\u2014. De procesi\u00f3n y de gran tama\u00f1o y vistosidad, sobresalen las cruces parroquiales y las custodias, donde se expone la Sagrada Forma para su adoraci\u00f3n, y los acetres \u2014calderos para el agua bendita, que se esparce con un hisopo\u2014. De devoci\u00f3n tendr\u00edamos las figuras de santos y los relicarios, mientras que de mobiliario podemos mencionar los sagrarios y las l\u00e1mparas.<\/p>\n<h4>Piezas civiles<\/h4>\n<p>En cuanto a las piezas civiles, son mucho m\u00e1s heterog\u00e9neas y responden a usos muy diversos. Entre estas destacan las bandejas, que sol\u00edan ser las obras m\u00e1s apreciadas en regalos, junto con juegos de vajilla, cuberter\u00edas, jarras o juegos de caf\u00e9 o chocolate. Tambi\u00e9n de gran estima podemos mencionar los juegos de tocador con distintos frascos, peines y espejos, as\u00ed como joyeros y cajas de variada naturaleza. Por supuesto, no faltar\u00edan los candeleros y candelabros, floreros, ceniceros o pitilleras. Una pieza curiosa y muy com\u00fan, a camino entre lo religioso y lo civil, son las benditeras o peque\u00f1as pilas de agua bendita que se colgaban al lado de la puerta para santiguarse al entrar y salir de casa.<\/p>\n<h4>Joyer\u00eda<\/h4>\n<p>Menci\u00f3n aparte merece la joyer\u00eda, ya que, aunque la tendencia a lo largo del siglo XX fue unir ambas especialidades, hist\u00f3ricamente el oficio de joyero no era el mismo que el del platero, y han evolucionado de forma distinta dependiendo del territorio. Adem\u00e1s de las tipolog\u00edas habituales de joyas que todos conocemos, en el caso de la tradici\u00f3n gallega debemos destacar los sapos \u2014pectorales o colgantes\u2014 y los brincos o arracadas de argolla \u2014en ambos casos pendientes\u2014. Estas piezas son habitualmente realizadas en filigrana de oro y plata, con incrustaciones de azabache. Entre las piezas propiamente de este mineral, destacan las figas o peque\u00f1os amuletos en forma de mano que se prend\u00edan del cuello o de la ropa. Podemos atestiguar su uso en los cuadros de \u00e9poca, como el del pr\u00edncipe Felipe Pr\u00f3spero de Diego Vel\u00e1zquez, donde varias figas protegen al heredero del mal de ojo.[\/vc_column_text][\/vc_column][\/vc_row]\n","protected":false},"excerpt":{"rendered":"<p>[vc_row type=\u00bbfull_width_background\u00bb full_screen_row_position=\u00bbmiddle\u00bb column_margin=\u00bbdefault\u00bb column_direction=\u00bbdefault\u00bb column_direction_tablet=\u00bbdefault\u00bb column_direction_phone=\u00bbdefault\u00bb bg_image=\u00bb831&#8243; bg_position=\u00bbcenter center\u00bb background_image_loading=\u00bbdefault\u00bb bg_repeat=\u00bbno-repeat\u00bb scene_position=\u00bbcenter\u00bb top_padding=\u00bb15%\u00bb bottom_padding=\u00bb15%\u00bb text_color=\u00bblight\u00bb text_align=\u00bbleft\u00bb row_border_radius=\u00bbnone\u00bb row_border_radius_applies=\u00bbbg\u00bb overflow=\u00bbvisible\u00bb color_overlay=\u00bb#000000&#8243; overlay_strength=\u00bb0.5&#8243; gradient_direction=\u00bbleft_to_right\u00bb shape_divider_position=\u00bbbottom\u00bb bg_image_animation=\u00bbnone\u00bb parallax_bg=\u00bbtrue\u00bb parallax_bg_speed=\u00bbfast\u00bb gradient_type=\u00bbdefault\u00bb shape_type=\u00bb\u00bb][vc_column column_padding=\u00bbno-extra-padding\u00bb&#8230;<\/p>\n","protected":false},"author":2,"featured_media":0,"parent":0,"menu_order":0,"comment_status":"closed","ping_status":"closed","template":"","meta":{"footnotes":""},"class_list":["post-1759","page","type-page","status-publish"],"yoast_head":"<!-- This site is optimized with the Yoast SEO plugin v25.2 - https:\/\/yoast.com\/wordpress\/plugins\/seo\/ -->\n<title>Herramientas, t\u00e9cnicas tradicionales y tipolog\u00edas - Ourives de Compostela<\/title>\n<meta name=\"robots\" content=\"index, follow, max-snippet:-1, max-image-preview:large, max-video-preview:-1\" \/>\n<link rel=\"canonical\" href=\"https:\/\/ourivesdecompostela.gal\/es\/herramientas-tecnicas-tradicionales-y-tipologias\/\" \/>\n<meta property=\"og:locale\" content=\"es_ES\" \/>\n<meta property=\"og:type\" content=\"article\" \/>\n<meta property=\"og:title\" content=\"Herramientas, t\u00e9cnicas tradicionales y tipolog\u00edas - Ourives de Compostela\" \/>\n<meta property=\"og:description\" content=\"[vc_row type=\u00bbfull_width_background\u00bb full_screen_row_position=\u00bbmiddle\u00bb column_margin=\u00bbdefault\u00bb column_direction=\u00bbdefault\u00bb column_direction_tablet=\u00bbdefault\u00bb column_direction_phone=\u00bbdefault\u00bb bg_image=\u00bb831&#8243; bg_position=\u00bbcenter center\u00bb background_image_loading=\u00bbdefault\u00bb bg_repeat=\u00bbno-repeat\u00bb scene_position=\u00bbcenter\u00bb top_padding=\u00bb15%\u00bb bottom_padding=\u00bb15%\u00bb text_color=\u00bblight\u00bb text_align=\u00bbleft\u00bb row_border_radius=\u00bbnone\u00bb row_border_radius_applies=\u00bbbg\u00bb overflow=\u00bbvisible\u00bb color_overlay=\u00bb#000000&#8243; overlay_strength=\u00bb0.5&#8243; gradient_direction=\u00bbleft_to_right\u00bb shape_divider_position=\u00bbbottom\u00bb bg_image_animation=\u00bbnone\u00bb parallax_bg=\u00bbtrue\u00bb parallax_bg_speed=\u00bbfast\u00bb gradient_type=\u00bbdefault\u00bb shape_type=\u00bb\u00bb][vc_column column_padding=\u00bbno-extra-padding\u00bb...\" \/>\n<meta property=\"og:url\" content=\"https:\/\/ourivesdecompostela.gal\/es\/herramientas-tecnicas-tradicionales-y-tipologias\/\" \/>\n<meta property=\"og:site_name\" content=\"Ourives de Compostela\" \/>\n<meta property=\"article:modified_time\" content=\"2023-11-15T09:52:39+00:00\" \/>\n<meta name=\"twitter:card\" content=\"summary_large_image\" \/>\n<meta name=\"twitter:label1\" content=\"Tiempo de lectura\" \/>\n\t<meta name=\"twitter:data1\" content=\"6 minutos\" \/>\n<script type=\"application\/ld+json\" class=\"yoast-schema-graph\">{\"@context\":\"https:\/\/schema.org\",\"@graph\":[{\"@type\":\"WebPage\",\"@id\":\"https:\/\/ourivesdecompostela.gal\/es\/herramientas-tecnicas-tradicionales-y-tipologias\/\",\"url\":\"https:\/\/ourivesdecompostela.gal\/es\/herramientas-tecnicas-tradicionales-y-tipologias\/\",\"name\":\"Herramientas, t\u00e9cnicas tradicionales y tipolog\u00edas - Ourives de Compostela\",\"isPartOf\":{\"@id\":\"https:\/\/ourivesdecompostela.gal\/es\/#website\"},\"datePublished\":\"2023-10-31T11:29:18+00:00\",\"dateModified\":\"2023-11-15T09:52:39+00:00\",\"breadcrumb\":{\"@id\":\"https:\/\/ourivesdecompostela.gal\/es\/herramientas-tecnicas-tradicionales-y-tipologias\/#breadcrumb\"},\"inLanguage\":\"es\",\"potentialAction\":[{\"@type\":\"ReadAction\",\"target\":[\"https:\/\/ourivesdecompostela.gal\/es\/herramientas-tecnicas-tradicionales-y-tipologias\/\"]}]},{\"@type\":\"BreadcrumbList\",\"@id\":\"https:\/\/ourivesdecompostela.gal\/es\/herramientas-tecnicas-tradicionales-y-tipologias\/#breadcrumb\",\"itemListElement\":[{\"@type\":\"ListItem\",\"position\":1,\"name\":\"Portada\",\"item\":\"https:\/\/ourivesdecompostela.gal\/es\/\"},{\"@type\":\"ListItem\",\"position\":2,\"name\":\"Herramientas, t\u00e9cnicas tradicionales y tipolog\u00edas\"}]},{\"@type\":\"WebSite\",\"@id\":\"https:\/\/ourivesdecompostela.gal\/es\/#website\",\"url\":\"https:\/\/ourivesdecompostela.gal\/es\/\",\"name\":\"Ourives de Compostela\",\"description\":\"Aut\u00e9ntica Ouriver\u00eda Ancestral de Santiago\",\"potentialAction\":[{\"@type\":\"SearchAction\",\"target\":{\"@type\":\"EntryPoint\",\"urlTemplate\":\"https:\/\/ourivesdecompostela.gal\/es\/?s={search_term_string}\"},\"query-input\":{\"@type\":\"PropertyValueSpecification\",\"valueRequired\":true,\"valueName\":\"search_term_string\"}}],\"inLanguage\":\"es\"}]}<\/script>\n<!-- \/ Yoast SEO plugin. -->","yoast_head_json":{"title":"Herramientas, t\u00e9cnicas tradicionales y tipolog\u00edas - Ourives de Compostela","robots":{"index":"index","follow":"follow","max-snippet":"max-snippet:-1","max-image-preview":"max-image-preview:large","max-video-preview":"max-video-preview:-1"},"canonical":"https:\/\/ourivesdecompostela.gal\/es\/herramientas-tecnicas-tradicionales-y-tipologias\/","og_locale":"es_ES","og_type":"article","og_title":"Herramientas, t\u00e9cnicas tradicionales y tipolog\u00edas - Ourives de Compostela","og_description":"[vc_row type=\u00bbfull_width_background\u00bb full_screen_row_position=\u00bbmiddle\u00bb column_margin=\u00bbdefault\u00bb column_direction=\u00bbdefault\u00bb column_direction_tablet=\u00bbdefault\u00bb column_direction_phone=\u00bbdefault\u00bb bg_image=\u00bb831&#8243; bg_position=\u00bbcenter center\u00bb background_image_loading=\u00bbdefault\u00bb bg_repeat=\u00bbno-repeat\u00bb scene_position=\u00bbcenter\u00bb top_padding=\u00bb15%\u00bb bottom_padding=\u00bb15%\u00bb text_color=\u00bblight\u00bb text_align=\u00bbleft\u00bb row_border_radius=\u00bbnone\u00bb row_border_radius_applies=\u00bbbg\u00bb overflow=\u00bbvisible\u00bb color_overlay=\u00bb#000000&#8243; overlay_strength=\u00bb0.5&#8243; gradient_direction=\u00bbleft_to_right\u00bb shape_divider_position=\u00bbbottom\u00bb bg_image_animation=\u00bbnone\u00bb parallax_bg=\u00bbtrue\u00bb parallax_bg_speed=\u00bbfast\u00bb gradient_type=\u00bbdefault\u00bb shape_type=\u00bb\u00bb][vc_column column_padding=\u00bbno-extra-padding\u00bb...","og_url":"https:\/\/ourivesdecompostela.gal\/es\/herramientas-tecnicas-tradicionales-y-tipologias\/","og_site_name":"Ourives de Compostela","article_modified_time":"2023-11-15T09:52:39+00:00","twitter_card":"summary_large_image","twitter_misc":{"Tiempo de lectura":"6 minutos"},"schema":{"@context":"https:\/\/schema.org","@graph":[{"@type":"WebPage","@id":"https:\/\/ourivesdecompostela.gal\/es\/herramientas-tecnicas-tradicionales-y-tipologias\/","url":"https:\/\/ourivesdecompostela.gal\/es\/herramientas-tecnicas-tradicionales-y-tipologias\/","name":"Herramientas, t\u00e9cnicas tradicionales y tipolog\u00edas - Ourives de Compostela","isPartOf":{"@id":"https:\/\/ourivesdecompostela.gal\/es\/#website"},"datePublished":"2023-10-31T11:29:18+00:00","dateModified":"2023-11-15T09:52:39+00:00","breadcrumb":{"@id":"https:\/\/ourivesdecompostela.gal\/es\/herramientas-tecnicas-tradicionales-y-tipologias\/#breadcrumb"},"inLanguage":"es","potentialAction":[{"@type":"ReadAction","target":["https:\/\/ourivesdecompostela.gal\/es\/herramientas-tecnicas-tradicionales-y-tipologias\/"]}]},{"@type":"BreadcrumbList","@id":"https:\/\/ourivesdecompostela.gal\/es\/herramientas-tecnicas-tradicionales-y-tipologias\/#breadcrumb","itemListElement":[{"@type":"ListItem","position":1,"name":"Portada","item":"https:\/\/ourivesdecompostela.gal\/es\/"},{"@type":"ListItem","position":2,"name":"Herramientas, t\u00e9cnicas tradicionales y tipolog\u00edas"}]},{"@type":"WebSite","@id":"https:\/\/ourivesdecompostela.gal\/es\/#website","url":"https:\/\/ourivesdecompostela.gal\/es\/","name":"Ourives de Compostela","description":"Aut\u00e9ntica Ouriver\u00eda Ancestral de Santiago","potentialAction":[{"@type":"SearchAction","target":{"@type":"EntryPoint","urlTemplate":"https:\/\/ourivesdecompostela.gal\/es\/?s={search_term_string}"},"query-input":{"@type":"PropertyValueSpecification","valueRequired":true,"valueName":"search_term_string"}}],"inLanguage":"es"}]}},"_links":{"self":[{"href":"https:\/\/ourivesdecompostela.gal\/es\/wp-json\/wp\/v2\/pages\/1759","targetHints":{"allow":["GET"]}}],"collection":[{"href":"https:\/\/ourivesdecompostela.gal\/es\/wp-json\/wp\/v2\/pages"}],"about":[{"href":"https:\/\/ourivesdecompostela.gal\/es\/wp-json\/wp\/v2\/types\/page"}],"author":[{"embeddable":true,"href":"https:\/\/ourivesdecompostela.gal\/es\/wp-json\/wp\/v2\/users\/2"}],"replies":[{"embeddable":true,"href":"https:\/\/ourivesdecompostela.gal\/es\/wp-json\/wp\/v2\/comments?post=1759"}],"version-history":[{"count":6,"href":"https:\/\/ourivesdecompostela.gal\/es\/wp-json\/wp\/v2\/pages\/1759\/revisions"}],"predecessor-version":[{"id":1775,"href":"https:\/\/ourivesdecompostela.gal\/es\/wp-json\/wp\/v2\/pages\/1759\/revisions\/1775"}],"wp:attachment":[{"href":"https:\/\/ourivesdecompostela.gal\/es\/wp-json\/wp\/v2\/media?parent=1759"}],"curies":[{"name":"wp","href":"https:\/\/api.w.org\/{rel}","templated":true}]}}